{"id":77,"date":"2014-12-18T02:22:48","date_gmt":"2014-12-18T02:22:48","guid":{"rendered":"http:\/\/www.host-109357.webhosting.magentabusiness.at\/pindur\/?page_id=77"},"modified":"2022-04-21T13:17:41","modified_gmt":"2022-04-21T13:17:41","slug":"geschichte","status":"publish","type":"page","link":"https:\/\/www.pindur.at\/pindur\/unternehmen\/geschichte\/","title":{"rendered":"Geschichte"},"content":{"rendered":"<table>\n<tbody>\n<tr>\n<td><a href=\"https:\/\/www.pindur.at\/wp-content\/uploads\/2014\/12\/geschichte1.jpg\"><img loading=\"lazy\" decoding=\"async\" data-attachment-id=\"328\" data-permalink=\"https:\/\/www.pindur.at\/pindur\/unternehmen\/geschichte\/geschichte1\/\" data-orig-file=\"https:\/\/www.pindur.at\/wp-content\/uploads\/2014\/12\/geschichte1.jpg\" data-orig-size=\"255,230\" data-comments-opened=\"0\" data-image-meta=\"{&quot;aperture&quot;:&quot;0&quot;,&quot;credit&quot;:&quot;&quot;,&quot;camera&quot;:&quot;&quot;,&quot;caption&quot;:&quot;&quot;,&quot;created_timestamp&quot;:&quot;0&quot;,&quot;copyright&quot;:&quot;&quot;,&quot;focal_length&quot;:&quot;0&quot;,&quot;iso&quot;:&quot;0&quot;,&quot;shutter_speed&quot;:&quot;0&quot;,&quot;title&quot;:&quot;&quot;,&quot;orientation&quot;:&quot;0&quot;}\" data-image-title=\"geschichte1\" data-image-description=\"\" data-image-caption=\"\" data-medium-file=\"https:\/\/www.pindur.at\/wp-content\/uploads\/2014\/12\/geschichte1.jpg\" data-large-file=\"https:\/\/www.pindur.at\/wp-content\/uploads\/2014\/12\/geschichte1.jpg\" class=\"alignnone wp-image-328 size-full\" src=\"https:\/\/www.pindur.at\/wp-content\/uploads\/2014\/12\/geschichte1.jpg\" alt=\"\" width=\"255\" height=\"230\"><\/a><\/td>\n<td style=\"vertical-align: top;\"><b>1911<\/b><br \/>\nEine kleine Buchbinderei mit zwei Angestellten nimmt im 2. Wiener Gemeindebezirk die Produktion auf. Gr\u00fcnder: Johann Ignaz Pindur.<br \/>\nIn den Folgejahren wird mit viel Flei\u00df und Engagement das Unternehmen erweitert und ausgebaut.<\/td>\n<\/tr>\n<tr>\n<td><img loading=\"lazy\" decoding=\"async\" data-attachment-id=\"329\" data-permalink=\"https:\/\/www.pindur.at\/pindur\/unternehmen\/geschichte\/geschichte2\/\" data-orig-file=\"https:\/\/www.pindur.at\/wp-content\/uploads\/2014\/12\/geschichte2.jpg\" data-orig-size=\"255,230\" data-comments-opened=\"0\" data-image-meta=\"{&quot;aperture&quot;:&quot;0&quot;,&quot;credit&quot;:&quot;&quot;,&quot;camera&quot;:&quot;&quot;,&quot;caption&quot;:&quot;&quot;,&quot;created_timestamp&quot;:&quot;0&quot;,&quot;copyright&quot;:&quot;&quot;,&quot;focal_length&quot;:&quot;0&quot;,&quot;iso&quot;:&quot;0&quot;,&quot;shutter_speed&quot;:&quot;0&quot;,&quot;title&quot;:&quot;&quot;,&quot;orientation&quot;:&quot;0&quot;}\" data-image-title=\"geschichte2\" data-image-description=\"\" data-image-caption=\"\" data-medium-file=\"https:\/\/www.pindur.at\/wp-content\/uploads\/2014\/12\/geschichte2.jpg\" data-large-file=\"https:\/\/www.pindur.at\/wp-content\/uploads\/2014\/12\/geschichte2.jpg\" class=\"alignnone wp-image-329 size-full\" src=\"https:\/\/www.pindur.at\/wp-content\/uploads\/2014\/12\/geschichte2.jpg\" alt=\"\" width=\"255\" height=\"230\"><\/td>\n<td style=\"vertical-align: top;\">Mit Walter Pindur \u00fcbersiedelt der Betrieb in die Rembrandtstra\u00dfe 3. Im darauffolgenden Krieg wird die Firma v\u00f6llig zerst\u00f6rt.<\/td>\n<\/tr>\n<tr>\n<td><img loading=\"lazy\" decoding=\"async\" data-attachment-id=\"330\" data-permalink=\"https:\/\/www.pindur.at\/pindur\/unternehmen\/geschichte\/geschichte3\/\" data-orig-file=\"https:\/\/www.pindur.at\/wp-content\/uploads\/2014\/12\/geschichte3.jpg\" data-orig-size=\"255,230\" data-comments-opened=\"0\" data-image-meta=\"{&quot;aperture&quot;:&quot;0&quot;,&quot;credit&quot;:&quot;&quot;,&quot;camera&quot;:&quot;&quot;,&quot;caption&quot;:&quot;&quot;,&quot;created_timestamp&quot;:&quot;0&quot;,&quot;copyright&quot;:&quot;&quot;,&quot;focal_length&quot;:&quot;0&quot;,&quot;iso&quot;:&quot;0&quot;,&quot;shutter_speed&quot;:&quot;0&quot;,&quot;title&quot;:&quot;&quot;,&quot;orientation&quot;:&quot;0&quot;}\" data-image-title=\"geschichte3\" data-image-description=\"\" data-image-caption=\"\" data-medium-file=\"https:\/\/www.pindur.at\/wp-content\/uploads\/2014\/12\/geschichte3.jpg\" data-large-file=\"https:\/\/www.pindur.at\/wp-content\/uploads\/2014\/12\/geschichte3.jpg\" class=\"alignnone wp-image-330 size-full\" src=\"https:\/\/www.pindur.at\/wp-content\/uploads\/2014\/12\/geschichte3.jpg\" alt=\"\" width=\"255\" height=\"230\"><\/td>\n<td style=\"vertical-align: top;\"><b>1954<\/b><br \/>\nDer Betrieb entsteht in Wien 9 neu und beginnt sich auch mit Display-Herstellung zu besch\u00e4ftigen.<\/td>\n<\/tr>\n<tr>\n<td><img loading=\"lazy\" decoding=\"async\" data-attachment-id=\"331\" data-permalink=\"https:\/\/www.pindur.at\/pindur\/unternehmen\/geschichte\/geschichte4\/\" data-orig-file=\"https:\/\/www.pindur.at\/wp-content\/uploads\/2014\/12\/geschichte4.jpg\" data-orig-size=\"255,230\" data-comments-opened=\"0\" data-image-meta=\"{&quot;aperture&quot;:&quot;0&quot;,&quot;credit&quot;:&quot;&quot;,&quot;camera&quot;:&quot;&quot;,&quot;caption&quot;:&quot;&quot;,&quot;created_timestamp&quot;:&quot;0&quot;,&quot;copyright&quot;:&quot;&quot;,&quot;focal_length&quot;:&quot;0&quot;,&quot;iso&quot;:&quot;0&quot;,&quot;shutter_speed&quot;:&quot;0&quot;,&quot;title&quot;:&quot;&quot;,&quot;orientation&quot;:&quot;0&quot;}\" data-image-title=\"geschichte4\" data-image-description=\"\" data-image-caption=\"\" data-medium-file=\"https:\/\/www.pindur.at\/wp-content\/uploads\/2014\/12\/geschichte4.jpg\" data-large-file=\"https:\/\/www.pindur.at\/wp-content\/uploads\/2014\/12\/geschichte4.jpg\" class=\"alignnone wp-image-331 size-full\" src=\"https:\/\/www.pindur.at\/wp-content\/uploads\/2014\/12\/geschichte4.jpg\" alt=\"\" width=\"255\" height=\"230\"><\/td>\n<td style=\"vertical-align: top;\"><b>1965<\/b><br \/>\nDie Firma \u00fcbersiedelt nach Wien 17. Ing. Gerhard Pindur \u00fcbernimmt die Gesch\u00e4ftsleitung und richtet einen modernen Produktionsbetrieb zur Herstellung von Displays ein. Bevorzugte Materialien: Pappe, Wellpappe und Papier.<\/td>\n<\/tr>\n<tr>\n<td><a href=\"https:\/\/www.musterkollektionen.at\/wp-content\/uploads\/sites\/7\/2015\/05\/geschichte_1981.jpg\" target=\"_blank\" rel=\"noopener\"><img loading=\"lazy\" decoding=\"async\" class=\"alignnone wp-image-117 size-medium\" src=\"https:\/\/www.musterkollektionen.at\/wp-content\/uploads\/sites\/7\/2015\/05\/geschichte_1981-300x225.jpg\" alt=\"geschichte_1981\" width=\"300\" height=\"225\"><\/a><\/td>\n<td style=\"vertical-align: top;\"><b>1981<\/b><br \/>\nNeubau in Purkersdorf. Auf einem 4800 Quadratmeter gro\u00dfen Grundst\u00fcck am Waldrand entsteht eine 1000 Quadratmeter gro\u00dfe Halle &#8211; hier kann rationell gearbeitet werden.<\/td>\n<\/tr>\n<tr>\n<td><a href=\"https:\/\/www.musterkollektionen.at\/wp-content\/uploads\/sites\/7\/2015\/05\/geschichte_1989.jpg\" target=\"_blank\" rel=\"noopener\"><img loading=\"lazy\" decoding=\"async\" data-attachment-id=\"129\" data-permalink=\"https:\/\/www.pindur.at\/pindur\/beispiel-seite\/slider_p1\/\" data-orig-file=\"https:\/\/www.pindur.at\/wp-content\/uploads\/2014\/12\/slider_p1.jpg\" data-orig-size=\"613,396\" data-comments-opened=\"0\" data-image-meta=\"{&quot;aperture&quot;:&quot;0&quot;,&quot;credit&quot;:&quot;&quot;,&quot;camera&quot;:&quot;&quot;,&quot;caption&quot;:&quot;&quot;,&quot;created_timestamp&quot;:&quot;0&quot;,&quot;copyright&quot;:&quot;&quot;,&quot;focal_length&quot;:&quot;0&quot;,&quot;iso&quot;:&quot;0&quot;,&quot;shutter_speed&quot;:&quot;0&quot;,&quot;title&quot;:&quot;&quot;,&quot;orientation&quot;:&quot;0&quot;}\" data-image-title=\"slider_p1\" data-image-description=\"\" data-image-caption=\"\" data-medium-file=\"https:\/\/www.pindur.at\/wp-content\/uploads\/2014\/12\/slider_p1-300x194.jpg\" data-large-file=\"https:\/\/www.pindur.at\/wp-content\/uploads\/2014\/12\/slider_p1.jpg\" class=\"alignnone wp-image-129 size-medium\" src=\"https:\/\/www.musterkollektionen.at\/wp-content\/uploads\/sites\/7\/2015\/05\/geschichte_1989-300x143.jpg\" alt=\"geschichte_1989\" width=\"300\" height=\"143\"><\/a><\/td>\n<td style=\"vertical-align: top;\"><b>1989<br \/>\n<\/b>Eine zweite 1000 Quadratmeter gro\u00dfe Halle wird zugebaut, und nun kann man sich zus\u00e4tzlich zur Displayherstellung auch der Produktion von Musterkollektionen f\u00fcr die gesamte Raumausstatterbranche widmen. Mit geschultem Fachpersonal aus der Umgebung und aus Wien wird auf modernsten Schneide-, Stanz- und Kaschieranlagen gearbeitet.<\/td>\n<\/tr>\n<tr>\n<td><a href=\"https:\/\/www.musterkollektionen.at\/wp-content\/uploads\/sites\/7\/2015\/05\/geschichte_1999.jpg\" target=\"_blank\" rel=\"noopener\"><img loading=\"lazy\" decoding=\"async\" class=\"alignnone wp-image-118 size-medium\" src=\"https:\/\/www.musterkollektionen.at\/wp-content\/uploads\/sites\/7\/2015\/05\/geschichte_1999-300x169.jpg\" alt=\"geschichte_1999\" width=\"300\" height=\"169\"><\/a><\/td>\n<td style=\"vertical-align: top;\"><b>2001<\/b><br \/>\nMag. Walter Pindur \u00fcbernimmt die Gesch\u00e4ftsf\u00fchrung<\/td>\n<\/tr>\n<tr>\n<td><a href=\"https:\/\/www.pindur.at\/wp-content\/uploads\/2014\/12\/geschichte_hs_v2.jpg\" target=\"_blank\" rel=\"noopener\"><img loading=\"lazy\" decoding=\"async\" data-attachment-id=\"327\" data-permalink=\"https:\/\/www.pindur.at\/pindur\/unternehmen\/geschichte\/geschichte_hs_v2\/\" data-orig-file=\"https:\/\/www.pindur.at\/wp-content\/uploads\/2014\/12\/geschichte_hs_v2.jpg\" data-orig-size=\"384,300\" data-comments-opened=\"0\" data-image-meta=\"{&quot;aperture&quot;:&quot;0&quot;,&quot;credit&quot;:&quot;&quot;,&quot;camera&quot;:&quot;&quot;,&quot;caption&quot;:&quot;&quot;,&quot;created_timestamp&quot;:&quot;0&quot;,&quot;copyright&quot;:&quot;&quot;,&quot;focal_length&quot;:&quot;0&quot;,&quot;iso&quot;:&quot;0&quot;,&quot;shutter_speed&quot;:&quot;0&quot;,&quot;title&quot;:&quot;&quot;,&quot;orientation&quot;:&quot;0&quot;}\" data-image-title=\"geschichte_hs_v2\" data-image-description=\"\" data-image-caption=\"\" data-medium-file=\"https:\/\/www.pindur.at\/wp-content\/uploads\/2014\/12\/geschichte_hs_v2-300x234.jpg\" data-large-file=\"https:\/\/www.pindur.at\/wp-content\/uploads\/2014\/12\/geschichte_hs_v2.jpg\" class=\"alignnone wp-image-327 size-medium\" src=\"https:\/\/www.pindur.at\/wp-content\/uploads\/2014\/12\/geschichte_hs_v2-300x234.jpg\" alt=\"\" width=\"300\" height=\"234\" srcset=\"https:\/\/www.pindur.at\/wp-content\/uploads\/2014\/12\/geschichte_hs_v2-300x234.jpg 300w, https:\/\/www.pindur.at\/wp-content\/uploads\/2014\/12\/geschichte_hs_v2.jpg 384w\" sizes=\"auto, (max-width: 300px) 100vw, 300px\" \/><\/a><\/td>\n<td style=\"vertical-align: top;\"><strong>2005<\/strong><br \/>\n\u00dcbersiedlung des Unternehmens ins sonnige Burgenland. In Hornstein bieten sich erweiterte Produktionsfl\u00e4chen, die zudem eine bessere logistische Trennung der Produktbereiche erm\u00f6glichen.<\/td>\n<\/tr>\n<tr>\n<td><a href=\"https:\/\/www.musterkollektionen.at\/wp-content\/uploads\/sites\/7\/2015\/05\/puzzle-100.gif\" target=\"_blank\" rel=\"noopener\"><img loading=\"lazy\" decoding=\"async\" class=\"alignnone wp-image-125 size-medium\" src=\"https:\/\/www.musterkollektionen.at\/wp-content\/uploads\/sites\/7\/2015\/05\/puzzle-100-300x225.gif\" alt=\"puzzle-100\" width=\"300\" height=\"225\"><\/a><\/td>\n<td style=\"vertical-align: top;\"><strong>2011<\/strong><br \/>\nPindur feiert sein 100-j\u00e4hriges Bestehen.<\/td>\n<\/tr>\n<\/tbody>\n<\/table>\n<p>&nbsp;<\/p>\n","protected":false},"excerpt":{"rendered":"<p>1911 Eine kleine Buchbinderei mit zwei Angestellten nimmt im 2. Wiener Gemeindebezirk die Produktion auf. Gr\u00fcnder: Johann Ignaz Pindur. In den Folgejahren wird mit viel Flei\u00df und Engagement das Unternehmen erweitert und ausgebaut. Mit Walter Pindur \u00fcbersiedelt der Betrieb in die Rembrandtstra\u00dfe 3. Im darauffolgenden Krieg wird die Firma v\u00f6llig zerst\u00f6rt. 1954 Der Betrieb entsteht [&hellip;]<\/p>\n","protected":false},"author":1,"featured_media":0,"parent":72,"menu_order":0,"comment_status":"closed","ping_status":"closed","template":"","meta":{"footnotes":""},"class_list":["post-77","page","type-page","status-publish","hentry"],"yoast_head":"<!-- This site is optimized with the Yoast SEO plugin v24.4 - https:\/\/yoast.com\/wordpress\/plugins\/seo\/ -->\n<title>Geschichte - Pindur<\/title>\n<meta name=\"robots\" content=\"index, follow, max-snippet:-1, max-image-preview:large, max-video-preview:-1\" \/>\n<link rel=\"canonical\" href=\"https:\/\/www.pindur.at\/pindur\/unternehmen\/geschichte\/\" \/>\n<meta property=\"og:locale\" content=\"de_DE\" \/>\n<meta property=\"og:type\" content=\"article\" \/>\n<meta property=\"og:title\" content=\"Geschichte - Pindur\" \/>\n<meta property=\"og:description\" content=\"1911 Eine kleine Buchbinderei mit zwei Angestellten nimmt im 2. Wiener Gemeindebezirk die Produktion auf. Gr\u00fcnder: Johann Ignaz Pindur. In den Folgejahren wird mit viel Flei\u00df und Engagement das Unternehmen erweitert und ausgebaut. Mit Walter Pindur \u00fcbersiedelt der Betrieb in die Rembrandtstra\u00dfe 3. Im darauffolgenden Krieg wird die Firma v\u00f6llig zerst\u00f6rt. 1954 Der Betrieb entsteht [&hellip;]\" \/>\n<meta property=\"og:url\" content=\"https:\/\/www.pindur.at\/pindur\/unternehmen\/geschichte\/\" \/>\n<meta property=\"og:site_name\" content=\"Pindur\" \/>\n<meta property=\"article:modified_time\" content=\"2022-04-21T13:17:41+00:00\" \/>\n<meta property=\"og:image\" content=\"https:\/\/www.pindur.at\/wp-content\/uploads\/2014\/12\/geschichte1.jpg\" \/>\n\t<meta property=\"og:image:width\" content=\"255\" \/>\n\t<meta property=\"og:image:height\" content=\"230\" \/>\n\t<meta property=\"og:image:type\" content=\"image\/jpeg\" \/>\n<meta name=\"twitter:card\" content=\"summary_large_image\" \/>\n<meta name=\"twitter:label1\" content=\"Gesch\u00e4tzte Lesezeit\" \/>\n\t<meta name=\"twitter:data1\" content=\"1\u00a0Minute\" \/>\n<script type=\"application\/ld+json\" class=\"yoast-schema-graph\">{\"@context\":\"https:\/\/schema.org\",\"@graph\":[{\"@type\":\"WebPage\",\"@id\":\"https:\/\/www.pindur.at\/pindur\/unternehmen\/geschichte\/\",\"url\":\"https:\/\/www.pindur.at\/pindur\/unternehmen\/geschichte\/\",\"name\":\"Geschichte - Pindur\",\"isPartOf\":{\"@id\":\"https:\/\/www.pindur.at\/pindur\/#website\"},\"primaryImageOfPage\":{\"@id\":\"https:\/\/www.pindur.at\/pindur\/unternehmen\/geschichte\/#primaryimage\"},\"image\":{\"@id\":\"https:\/\/www.pindur.at\/pindur\/unternehmen\/geschichte\/#primaryimage\"},\"thumbnailUrl\":\"https:\/\/www.pindur.at\/wp-content\/uploads\/2014\/12\/geschichte1.jpg\",\"datePublished\":\"2014-12-18T02:22:48+00:00\",\"dateModified\":\"2022-04-21T13:17:41+00:00\",\"breadcrumb\":{\"@id\":\"https:\/\/www.pindur.at\/pindur\/unternehmen\/geschichte\/#breadcrumb\"},\"inLanguage\":\"de\",\"potentialAction\":[{\"@type\":\"ReadAction\",\"target\":[\"https:\/\/www.pindur.at\/pindur\/unternehmen\/geschichte\/\"]}]},{\"@type\":\"ImageObject\",\"inLanguage\":\"de\",\"@id\":\"https:\/\/www.pindur.at\/pindur\/unternehmen\/geschichte\/#primaryimage\",\"url\":\"https:\/\/www.pindur.at\/wp-content\/uploads\/2014\/12\/geschichte1.jpg\",\"contentUrl\":\"https:\/\/www.pindur.at\/wp-content\/uploads\/2014\/12\/geschichte1.jpg\"},{\"@type\":\"BreadcrumbList\",\"@id\":\"https:\/\/www.pindur.at\/pindur\/unternehmen\/geschichte\/#breadcrumb\",\"itemListElement\":[{\"@type\":\"ListItem\",\"position\":1,\"name\":\"Startseite\",\"item\":\"https:\/\/www.pindur.at\/pindur\/\"},{\"@type\":\"ListItem\",\"position\":2,\"name\":\"\u00dcber Pindur\",\"item\":\"https:\/\/www.pindur.at\/pindur\/unternehmen\/\"},{\"@type\":\"ListItem\",\"position\":3,\"name\":\"Geschichte\"}]},{\"@type\":\"WebSite\",\"@id\":\"https:\/\/www.pindur.at\/pindur\/#website\",\"url\":\"https:\/\/www.pindur.at\/pindur\/\",\"name\":\"Pindur\",\"description\":\"\",\"publisher\":{\"@id\":\"https:\/\/www.pindur.at\/pindur\/#organization\"},\"potentialAction\":[{\"@type\":\"SearchAction\",\"target\":{\"@type\":\"EntryPoint\",\"urlTemplate\":\"https:\/\/www.pindur.at\/pindur\/?s={search_term_string}\"},\"query-input\":{\"@type\":\"PropertyValueSpecification\",\"valueRequired\":true,\"valueName\":\"search_term_string\"}}],\"inLanguage\":\"de\"},{\"@type\":\"Organization\",\"@id\":\"https:\/\/www.pindur.at\/pindur\/#organization\",\"name\":\"Pindur\",\"url\":\"https:\/\/www.pindur.at\/pindur\/\",\"logo\":{\"@type\":\"ImageObject\",\"inLanguage\":\"de\",\"@id\":\"https:\/\/www.pindur.at\/pindur\/#\/schema\/logo\/image\/\",\"url\":\"https:\/\/www.pindur.at\/wp-content\/uploads\/2014\/12\/pindur.jpg\",\"contentUrl\":\"https:\/\/www.pindur.at\/wp-content\/uploads\/2014\/12\/pindur.jpg\",\"width\":238,\"height\":183,\"caption\":\"Pindur\"},\"image\":{\"@id\":\"https:\/\/www.pindur.at\/pindur\/#\/schema\/logo\/image\/\"}}]}<\/script>\n<!-- \/ Yoast SEO plugin. -->","yoast_head_json":{"title":"Geschichte - Pindur","robots":{"index":"index","follow":"follow","max-snippet":"max-snippet:-1","max-image-preview":"max-image-preview:large","max-video-preview":"max-video-preview:-1"},"canonical":"https:\/\/www.pindur.at\/pindur\/unternehmen\/geschichte\/","og_locale":"de_DE","og_type":"article","og_title":"Geschichte - Pindur","og_description":"1911 Eine kleine Buchbinderei mit zwei Angestellten nimmt im 2. Wiener Gemeindebezirk die Produktion auf. Gr\u00fcnder: Johann Ignaz Pindur. In den Folgejahren wird mit viel Flei\u00df und Engagement das Unternehmen erweitert und ausgebaut. Mit Walter Pindur \u00fcbersiedelt der Betrieb in die Rembrandtstra\u00dfe 3. Im darauffolgenden Krieg wird die Firma v\u00f6llig zerst\u00f6rt. 1954 Der Betrieb entsteht [&hellip;]","og_url":"https:\/\/www.pindur.at\/pindur\/unternehmen\/geschichte\/","og_site_name":"Pindur","article_modified_time":"2022-04-21T13:17:41+00:00","og_image":[{"width":255,"height":230,"url":"https:\/\/www.pindur.at\/wp-content\/uploads\/2014\/12\/geschichte1.jpg","type":"image\/jpeg"}],"twitter_card":"summary_large_image","twitter_misc":{"Gesch\u00e4tzte Lesezeit":"1\u00a0Minute"},"schema":{"@context":"https:\/\/schema.org","@graph":[{"@type":"WebPage","@id":"https:\/\/www.pindur.at\/pindur\/unternehmen\/geschichte\/","url":"https:\/\/www.pindur.at\/pindur\/unternehmen\/geschichte\/","name":"Geschichte - Pindur","isPartOf":{"@id":"https:\/\/www.pindur.at\/pindur\/#website"},"primaryImageOfPage":{"@id":"https:\/\/www.pindur.at\/pindur\/unternehmen\/geschichte\/#primaryimage"},"image":{"@id":"https:\/\/www.pindur.at\/pindur\/unternehmen\/geschichte\/#primaryimage"},"thumbnailUrl":"https:\/\/www.pindur.at\/wp-content\/uploads\/2014\/12\/geschichte1.jpg","datePublished":"2014-12-18T02:22:48+00:00","dateModified":"2022-04-21T13:17:41+00:00","breadcrumb":{"@id":"https:\/\/www.pindur.at\/pindur\/unternehmen\/geschichte\/#breadcrumb"},"inLanguage":"de","potentialAction":[{"@type":"ReadAction","target":["https:\/\/www.pindur.at\/pindur\/unternehmen\/geschichte\/"]}]},{"@type":"ImageObject","inLanguage":"de","@id":"https:\/\/www.pindur.at\/pindur\/unternehmen\/geschichte\/#primaryimage","url":"https:\/\/www.pindur.at\/wp-content\/uploads\/2014\/12\/geschichte1.jpg","contentUrl":"https:\/\/www.pindur.at\/wp-content\/uploads\/2014\/12\/geschichte1.jpg"},{"@type":"BreadcrumbList","@id":"https:\/\/www.pindur.at\/pindur\/unternehmen\/geschichte\/#breadcrumb","itemListElement":[{"@type":"ListItem","position":1,"name":"Startseite","item":"https:\/\/www.pindur.at\/pindur\/"},{"@type":"ListItem","position":2,"name":"\u00dcber Pindur","item":"https:\/\/www.pindur.at\/pindur\/unternehmen\/"},{"@type":"ListItem","position":3,"name":"Geschichte"}]},{"@type":"WebSite","@id":"https:\/\/www.pindur.at\/pindur\/#website","url":"https:\/\/www.pindur.at\/pindur\/","name":"Pindur","description":"","publisher":{"@id":"https:\/\/www.pindur.at\/pindur\/#organization"},"potentialAction":[{"@type":"SearchAction","target":{"@type":"EntryPoint","urlTemplate":"https:\/\/www.pindur.at\/pindur\/?s={search_term_string}"},"query-input":{"@type":"PropertyValueSpecification","valueRequired":true,"valueName":"search_term_string"}}],"inLanguage":"de"},{"@type":"Organization","@id":"https:\/\/www.pindur.at\/pindur\/#organization","name":"Pindur","url":"https:\/\/www.pindur.at\/pindur\/","logo":{"@type":"ImageObject","inLanguage":"de","@id":"https:\/\/www.pindur.at\/pindur\/#\/schema\/logo\/image\/","url":"https:\/\/www.pindur.at\/wp-content\/uploads\/2014\/12\/pindur.jpg","contentUrl":"https:\/\/www.pindur.at\/wp-content\/uploads\/2014\/12\/pindur.jpg","width":238,"height":183,"caption":"Pindur"},"image":{"@id":"https:\/\/www.pindur.at\/pindur\/#\/schema\/logo\/image\/"}}]}},"jetpack_sharing_enabled":true,"_links":{"self":[{"href":"https:\/\/www.pindur.at\/pindur\/wp-json\/wp\/v2\/pages\/77","targetHints":{"allow":["GET"]}}],"collection":[{"href":"https:\/\/www.pindur.at\/pindur\/wp-json\/wp\/v2\/pages"}],"about":[{"href":"https:\/\/www.pindur.at\/pindur\/wp-json\/wp\/v2\/types\/page"}],"author":[{"embeddable":true,"href":"https:\/\/www.pindur.at\/pindur\/wp-json\/wp\/v2\/users\/1"}],"replies":[{"embeddable":true,"href":"https:\/\/www.pindur.at\/pindur\/wp-json\/wp\/v2\/comments?post=77"}],"version-history":[{"count":25,"href":"https:\/\/www.pindur.at\/pindur\/wp-json\/wp\/v2\/pages\/77\/revisions"}],"predecessor-version":[{"id":1162,"href":"https:\/\/www.pindur.at\/pindur\/wp-json\/wp\/v2\/pages\/77\/revisions\/1162"}],"up":[{"embeddable":true,"href":"https:\/\/www.pindur.at\/pindur\/wp-json\/wp\/v2\/pages\/72"}],"wp:attachment":[{"href":"https:\/\/www.pindur.at\/pindur\/wp-json\/wp\/v2\/media?parent=77"}],"curies":[{"name":"wp","href":"https:\/\/api.w.org\/{rel}","templated":true}]}}