{"id":75,"date":"2014-12-18T02:22:22","date_gmt":"2014-12-18T02:22:22","guid":{"rendered":"http:\/\/www.host-109357.webhosting.magentabusiness.at\/pindur\/?page_id=75"},"modified":"2025-02-13T12:58:30","modified_gmt":"2025-02-13T12:58:30","slug":"unternehmen","status":"publish","type":"page","link":"https:\/\/www.pindur.at\/pindur\/unternehmen\/unternehmen\/","title":{"rendered":"Unternehmen"},"content":{"rendered":"\n<p>Nur etwa 30 Minuten von Wien, im sonnigen Burgenland gelegen, werden alle Arten von Displays, Mappen, Ordner und Musterkollektionen gefertigt.<\/p>\n\n\n\n<p>Seit 1911 bieten wir innovative, kreative und nutzenorientierte L\u00f6sungen f\u00fcr alle Arten von POS-Material an. Unsere oberste Pr\u00e4misse ist: einfache Handhabung und perfekte Pr\u00e4sentation. Gemeinsam mit Ihnen erstellen wir ein Konzept, den Rest erledigen unsere Spezialisten in der Mustermacherei, beim Kaschieren, Stanzen und Konfektionieren.<\/p>\n\n\n\n<p><strong>Fordern Sie uns heraus, wir finden die ideale L\u00f6sung!<\/strong><\/p>\n\n\n\n<blockquote class=\"wp-block-quote is-layout-flow wp-block-quote-is-layout-flow\">\n<p class=\"has-text-align-center\">&#8222;Der erste Eindruck bekommt keine zweite Chance&#8220;<\/p>\n<\/blockquote>\n\n\n\n<p><\/p>\n\n\n\n<p><\/p>\n\n\n\n<h2 class=\"wp-block-heading\">Gesch\u00e4ftsf\u00fchrung<\/h2>\n\n\n\n<div class=\"wp-block-columns is-layout-flex wp-container-core-columns-is-layout-1 wp-block-columns-is-layout-flex\">\n<div class=\"wp-block-column is-layout-flow wp-block-column-is-layout-flow\">\n<p>Mit Kreativit\u00e4t, viel Erfahrung, Expertise und Leidenschaft lassen wir uns auf die Ideen unserer Kunden ein. Unseren Gesch\u00e4ftsf\u00fchrer Walter Pindur zeichnet aus, dass ihm kein Anliegen zu knifflig ist. Alle Ideen und Vorschl\u00e4ge werden ernst genommen und in die Konzepterarbeitung einbezogen. Dass bei uns auch ungew\u00f6hnliche Entw\u00fcrfe realisiert werden k\u00f6nnen, macht ihn stolz.<\/p>\n\n\n\n<p>Walter Pindur<br>Gesch\u00e4ftsf\u00fchrung<br>Tel. +43(0)2689\/25035-15<br><a href=\"mailto:office@pindur.at\">office@pindur.at<\/a><\/p>\n\n\n\n<p><\/p>\n<\/div>\n\n\n\n<div class=\"wp-block-column is-layout-flow wp-block-column-is-layout-flow\">\n<figure class=\"wp-block-image size-full\"><img loading=\"lazy\" decoding=\"async\" width=\"800\" height=\"900\" data-attachment-id=\"334\" data-permalink=\"https:\/\/www.pindur.at\/pindur\/?attachment_id=334\" data-orig-file=\"https:\/\/www.pindur.at\/wp-content\/uploads\/2014\/12\/pindur1.jpg\" data-orig-size=\"800,900\" data-comments-opened=\"0\" data-image-meta=\"{&quot;aperture&quot;:&quot;0&quot;,&quot;credit&quot;:&quot;&quot;,&quot;camera&quot;:&quot;&quot;,&quot;caption&quot;:&quot;&quot;,&quot;created_timestamp&quot;:&quot;0&quot;,&quot;copyright&quot;:&quot;&quot;,&quot;focal_length&quot;:&quot;0&quot;,&quot;iso&quot;:&quot;0&quot;,&quot;shutter_speed&quot;:&quot;0&quot;,&quot;title&quot;:&quot;&quot;,&quot;orientation&quot;:&quot;0&quot;}\" data-image-title=\"pindur\" data-image-description=\"\" data-image-caption=\"\" data-medium-file=\"https:\/\/www.pindur.at\/wp-content\/uploads\/2014\/12\/pindur1-267x300.jpg\" data-large-file=\"https:\/\/www.pindur.at\/wp-content\/uploads\/2014\/12\/pindur1.jpg\" src=\"https:\/\/www.pindur.at\/wp-content\/uploads\/2014\/12\/pindur1.jpg\" alt=\"\" class=\"wp-image-334\" srcset=\"https:\/\/www.pindur.at\/wp-content\/uploads\/2014\/12\/pindur1.jpg 800w, https:\/\/www.pindur.at\/wp-content\/uploads\/2014\/12\/pindur1-267x300.jpg 267w\" sizes=\"auto, (max-width: 800px) 100vw, 800px\" \/><\/figure>\n<\/div>\n<\/div>\n\n\n\n<h2 class=\"wp-block-heading\">Kompetenzstandort Hornstein<\/h2>\n\n\n\n<p>Unser im Burgenland von Pindur Senior gegr\u00fcndetes Unternehmen befindet sich im Industriegebiet Hornstein und gilt heute als Spezialist in der Konzeption und Fertigung von Displays, Verkaufshilfen, Aufstellern, Ringmappen und Musterkollektionen.<\/p>\n\n\n\n<p><\/p>\n\n\n\n<p><strong>Unser Produktangebot:<\/strong><\/p>\n\n\n\n<ul class=\"wp-block-list\">\n<li>Bodenaufsteller<\/li>\n\n\n\n<li>Figurendisplays<\/li>\n\n\n\n<li>Schaufensterdisplays<\/li>\n\n\n\n<li>Hohlplakate<\/li>\n\n\n\n<li>Thekendispenser<\/li>\n\n\n\n<li>Dispenser<\/li>\n\n\n\n<li>Verpackungen<\/li>\n<\/ul>\n","protected":false},"excerpt":{"rendered":"<p>Nur etwa 30 Minuten von Wien, im sonnigen Burgenland gelegen, werden alle Arten von Displays, Mappen, Ordner und Musterkollektionen gefertigt. Seit 1911 bieten wir innovative, kreative und nutzenorientierte L\u00f6sungen f\u00fcr alle Arten von POS-Material an. Unsere oberste Pr\u00e4misse ist: einfache Handhabung und perfekte Pr\u00e4sentation. Gemeinsam mit Ihnen erstellen wir ein Konzept, den Rest erledigen unsere [&hellip;]<\/p>\n","protected":false},"author":1,"featured_media":0,"parent":72,"menu_order":0,"comment_status":"closed","ping_status":"closed","template":"","meta":{"footnotes":""},"class_list":["post-75","page","type-page","status-publish","hentry"],"yoast_head":"<!-- This site is optimized with the Yoast SEO plugin v24.4 - https:\/\/yoast.com\/wordpress\/plugins\/seo\/ -->\n<title>Unternehmen - Pindur<\/title>\n<meta name=\"robots\" content=\"index, follow, max-snippet:-1, max-image-preview:large, max-video-preview:-1\" \/>\n<link rel=\"canonical\" href=\"https:\/\/www.pindur.at\/pindur\/unternehmen\/unternehmen\/\" \/>\n<meta property=\"og:locale\" content=\"de_DE\" \/>\n<meta property=\"og:type\" content=\"article\" \/>\n<meta property=\"og:title\" content=\"Unternehmen - Pindur\" \/>\n<meta property=\"og:description\" content=\"Nur etwa 30 Minuten von Wien, im sonnigen Burgenland gelegen, werden alle Arten von Displays, Mappen, Ordner und Musterkollektionen gefertigt. Seit 1911 bieten wir innovative, kreative und nutzenorientierte L\u00f6sungen f\u00fcr alle Arten von POS-Material an. Unsere oberste Pr\u00e4misse ist: einfache Handhabung und perfekte Pr\u00e4sentation. Gemeinsam mit Ihnen erstellen wir ein Konzept, den Rest erledigen unsere [&hellip;]\" \/>\n<meta property=\"og:url\" content=\"https:\/\/www.pindur.at\/pindur\/unternehmen\/unternehmen\/\" \/>\n<meta property=\"og:site_name\" content=\"Pindur\" \/>\n<meta property=\"article:modified_time\" content=\"2025-02-13T12:58:30+00:00\" \/>\n<meta property=\"og:image\" content=\"https:\/\/www.pindur.at\/wp-content\/uploads\/2014\/12\/pindur1.jpg\" \/>\n\t<meta property=\"og:image:width\" content=\"800\" \/>\n\t<meta property=\"og:image:height\" content=\"900\" \/>\n\t<meta property=\"og:image:type\" content=\"image\/jpeg\" \/>\n<meta name=\"twitter:card\" content=\"summary_large_image\" \/>\n<meta name=\"twitter:label1\" content=\"Gesch\u00e4tzte Lesezeit\" \/>\n\t<meta name=\"twitter:data1\" content=\"1\u00a0Minute\" \/>\n<script type=\"application\/ld+json\" class=\"yoast-schema-graph\">{\"@context\":\"https:\/\/schema.org\",\"@graph\":[{\"@type\":\"WebPage\",\"@id\":\"https:\/\/www.pindur.at\/pindur\/unternehmen\/unternehmen\/\",\"url\":\"https:\/\/www.pindur.at\/pindur\/unternehmen\/unternehmen\/\",\"name\":\"Unternehmen - Pindur\",\"isPartOf\":{\"@id\":\"https:\/\/www.pindur.at\/pindur\/#website\"},\"primaryImageOfPage\":{\"@id\":\"https:\/\/www.pindur.at\/pindur\/unternehmen\/unternehmen\/#primaryimage\"},\"image\":{\"@id\":\"https:\/\/www.pindur.at\/pindur\/unternehmen\/unternehmen\/#primaryimage\"},\"thumbnailUrl\":\"https:\/\/www.pindur.at\/wp-content\/uploads\/2014\/12\/pindur1.jpg\",\"datePublished\":\"2014-12-18T02:22:22+00:00\",\"dateModified\":\"2025-02-13T12:58:30+00:00\",\"breadcrumb\":{\"@id\":\"https:\/\/www.pindur.at\/pindur\/unternehmen\/unternehmen\/#breadcrumb\"},\"inLanguage\":\"de\",\"potentialAction\":[{\"@type\":\"ReadAction\",\"target\":[\"https:\/\/www.pindur.at\/pindur\/unternehmen\/unternehmen\/\"]}]},{\"@type\":\"ImageObject\",\"inLanguage\":\"de\",\"@id\":\"https:\/\/www.pindur.at\/pindur\/unternehmen\/unternehmen\/#primaryimage\",\"url\":\"https:\/\/www.pindur.at\/wp-content\/uploads\/2014\/12\/pindur1.jpg\",\"contentUrl\":\"https:\/\/www.pindur.at\/wp-content\/uploads\/2014\/12\/pindur1.jpg\"},{\"@type\":\"BreadcrumbList\",\"@id\":\"https:\/\/www.pindur.at\/pindur\/unternehmen\/unternehmen\/#breadcrumb\",\"itemListElement\":[{\"@type\":\"ListItem\",\"position\":1,\"name\":\"Startseite\",\"item\":\"https:\/\/www.pindur.at\/pindur\/\"},{\"@type\":\"ListItem\",\"position\":2,\"name\":\"\u00dcber Pindur\",\"item\":\"https:\/\/www.pindur.at\/pindur\/unternehmen\/\"},{\"@type\":\"ListItem\",\"position\":3,\"name\":\"Unternehmen\"}]},{\"@type\":\"WebSite\",\"@id\":\"https:\/\/www.pindur.at\/pindur\/#website\",\"url\":\"https:\/\/www.pindur.at\/pindur\/\",\"name\":\"Pindur\",\"description\":\"\",\"publisher\":{\"@id\":\"https:\/\/www.pindur.at\/pindur\/#organization\"},\"potentialAction\":[{\"@type\":\"SearchAction\",\"target\":{\"@type\":\"EntryPoint\",\"urlTemplate\":\"https:\/\/www.pindur.at\/pindur\/?s={search_term_string}\"},\"query-input\":{\"@type\":\"PropertyValueSpecification\",\"valueRequired\":true,\"valueName\":\"search_term_string\"}}],\"inLanguage\":\"de\"},{\"@type\":\"Organization\",\"@id\":\"https:\/\/www.pindur.at\/pindur\/#organization\",\"name\":\"Pindur\",\"url\":\"https:\/\/www.pindur.at\/pindur\/\",\"logo\":{\"@type\":\"ImageObject\",\"inLanguage\":\"de\",\"@id\":\"https:\/\/www.pindur.at\/pindur\/#\/schema\/logo\/image\/\",\"url\":\"https:\/\/www.pindur.at\/wp-content\/uploads\/2014\/12\/pindur.jpg\",\"contentUrl\":\"https:\/\/www.pindur.at\/wp-content\/uploads\/2014\/12\/pindur.jpg\",\"width\":238,\"height\":183,\"caption\":\"Pindur\"},\"image\":{\"@id\":\"https:\/\/www.pindur.at\/pindur\/#\/schema\/logo\/image\/\"}}]}<\/script>\n<!-- \/ Yoast SEO plugin. -->","yoast_head_json":{"title":"Unternehmen - Pindur","robots":{"index":"index","follow":"follow","max-snippet":"max-snippet:-1","max-image-preview":"max-image-preview:large","max-video-preview":"max-video-preview:-1"},"canonical":"https:\/\/www.pindur.at\/pindur\/unternehmen\/unternehmen\/","og_locale":"de_DE","og_type":"article","og_title":"Unternehmen - Pindur","og_description":"Nur etwa 30 Minuten von Wien, im sonnigen Burgenland gelegen, werden alle Arten von Displays, Mappen, Ordner und Musterkollektionen gefertigt. Seit 1911 bieten wir innovative, kreative und nutzenorientierte L\u00f6sungen f\u00fcr alle Arten von POS-Material an. Unsere oberste Pr\u00e4misse ist: einfache Handhabung und perfekte Pr\u00e4sentation. Gemeinsam mit Ihnen erstellen wir ein Konzept, den Rest erledigen unsere [&hellip;]","og_url":"https:\/\/www.pindur.at\/pindur\/unternehmen\/unternehmen\/","og_site_name":"Pindur","article_modified_time":"2025-02-13T12:58:30+00:00","og_image":[{"width":800,"height":900,"url":"https:\/\/www.pindur.at\/wp-content\/uploads\/2014\/12\/pindur1.jpg","type":"image\/jpeg"}],"twitter_card":"summary_large_image","twitter_misc":{"Gesch\u00e4tzte Lesezeit":"1\u00a0Minute"},"schema":{"@context":"https:\/\/schema.org","@graph":[{"@type":"WebPage","@id":"https:\/\/www.pindur.at\/pindur\/unternehmen\/unternehmen\/","url":"https:\/\/www.pindur.at\/pindur\/unternehmen\/unternehmen\/","name":"Unternehmen - Pindur","isPartOf":{"@id":"https:\/\/www.pindur.at\/pindur\/#website"},"primaryImageOfPage":{"@id":"https:\/\/www.pindur.at\/pindur\/unternehmen\/unternehmen\/#primaryimage"},"image":{"@id":"https:\/\/www.pindur.at\/pindur\/unternehmen\/unternehmen\/#primaryimage"},"thumbnailUrl":"https:\/\/www.pindur.at\/wp-content\/uploads\/2014\/12\/pindur1.jpg","datePublished":"2014-12-18T02:22:22+00:00","dateModified":"2025-02-13T12:58:30+00:00","breadcrumb":{"@id":"https:\/\/www.pindur.at\/pindur\/unternehmen\/unternehmen\/#breadcrumb"},"inLanguage":"de","potentialAction":[{"@type":"ReadAction","target":["https:\/\/www.pindur.at\/pindur\/unternehmen\/unternehmen\/"]}]},{"@type":"ImageObject","inLanguage":"de","@id":"https:\/\/www.pindur.at\/pindur\/unternehmen\/unternehmen\/#primaryimage","url":"https:\/\/www.pindur.at\/wp-content\/uploads\/2014\/12\/pindur1.jpg","contentUrl":"https:\/\/www.pindur.at\/wp-content\/uploads\/2014\/12\/pindur1.jpg"},{"@type":"BreadcrumbList","@id":"https:\/\/www.pindur.at\/pindur\/unternehmen\/unternehmen\/#breadcrumb","itemListElement":[{"@type":"ListItem","position":1,"name":"Startseite","item":"https:\/\/www.pindur.at\/pindur\/"},{"@type":"ListItem","position":2,"name":"\u00dcber Pindur","item":"https:\/\/www.pindur.at\/pindur\/unternehmen\/"},{"@type":"ListItem","position":3,"name":"Unternehmen"}]},{"@type":"WebSite","@id":"https:\/\/www.pindur.at\/pindur\/#website","url":"https:\/\/www.pindur.at\/pindur\/","name":"Pindur","description":"","publisher":{"@id":"https:\/\/www.pindur.at\/pindur\/#organization"},"potentialAction":[{"@type":"SearchAction","target":{"@type":"EntryPoint","urlTemplate":"https:\/\/www.pindur.at\/pindur\/?s={search_term_string}"},"query-input":{"@type":"PropertyValueSpecification","valueRequired":true,"valueName":"search_term_string"}}],"inLanguage":"de"},{"@type":"Organization","@id":"https:\/\/www.pindur.at\/pindur\/#organization","name":"Pindur","url":"https:\/\/www.pindur.at\/pindur\/","logo":{"@type":"ImageObject","inLanguage":"de","@id":"https:\/\/www.pindur.at\/pindur\/#\/schema\/logo\/image\/","url":"https:\/\/www.pindur.at\/wp-content\/uploads\/2014\/12\/pindur.jpg","contentUrl":"https:\/\/www.pindur.at\/wp-content\/uploads\/2014\/12\/pindur.jpg","width":238,"height":183,"caption":"Pindur"},"image":{"@id":"https:\/\/www.pindur.at\/pindur\/#\/schema\/logo\/image\/"}}]}},"jetpack_sharing_enabled":true,"_links":{"self":[{"href":"https:\/\/www.pindur.at\/pindur\/wp-json\/wp\/v2\/pages\/75","targetHints":{"allow":["GET"]}}],"collection":[{"href":"https:\/\/www.pindur.at\/pindur\/wp-json\/wp\/v2\/pages"}],"about":[{"href":"https:\/\/www.pindur.at\/pindur\/wp-json\/wp\/v2\/types\/page"}],"author":[{"embeddable":true,"href":"https:\/\/www.pindur.at\/pindur\/wp-json\/wp\/v2\/users\/1"}],"replies":[{"embeddable":true,"href":"https:\/\/www.pindur.at\/pindur\/wp-json\/wp\/v2\/comments?post=75"}],"version-history":[{"count":18,"href":"https:\/\/www.pindur.at\/pindur\/wp-json\/wp\/v2\/pages\/75\/revisions"}],"predecessor-version":[{"id":3669,"href":"https:\/\/www.pindur.at\/pindur\/wp-json\/wp\/v2\/pages\/75\/revisions\/3669"}],"up":[{"embeddable":true,"href":"https:\/\/www.pindur.at\/pindur\/wp-json\/wp\/v2\/pages\/72"}],"wp:attachment":[{"href":"https:\/\/www.pindur.at\/pindur\/wp-json\/wp\/v2\/media?parent=75"}],"curies":[{"name":"wp","href":"https:\/\/api.w.org\/{rel}","templated":true}]}}