{"id":72,"date":"2014-12-18T02:20:39","date_gmt":"2014-12-18T02:20:39","guid":{"rendered":"http:\/\/www.host-109357.webhosting.magentabusiness.at\/pindur\/?page_id=72"},"modified":"2015-09-16T10:41:52","modified_gmt":"2015-09-16T10:41:52","slug":"unternehmen","status":"publish","type":"page","link":"https:\/\/www.pindur.at\/pindur\/unternehmen\/","title":{"rendered":"\u00dcber Pindur"},"content":{"rendered":"<p><strong>DISPLAYS MIT FORMAT<\/strong><\/p>\n<p>Das Wort \u201eDisplay\u201c stammt aus dem Englischen und bedeutet: entfalten, ausbreiten, zeigen, offenbaren, zur Schau stellen. Wir verstehen darunter alle dreidimensionalen Verkaufshilfen aus Papier, Karton oder Pappe, Kunststoff, Holz und Metall, die ihre Produkte am Verkaufsort (Point of Sale) pr\u00e4sentieren.<\/p>\n<p>Was unsere Displays auszeichnet:<\/p>\n<ul>\n<li><strong>Spezialisierung<\/strong><br \/>\nDurch langj\u00e4hrige Produkt- und Branchenerfahrung finden wir f\u00fcr jedes Ihrer Anforderungen am Point-of-Sale (POS) eine passende L\u00f6sung.<\/li>\n<li><strong>Flexibilit\u00e4t<\/strong><br \/>\nDurch unsere Unternehmensgr\u00f6\u00dfe und die damit verbundene Flexibilit\u00e4t k\u00f6nnen wir jeden Kundenwunsch individuell und rasch erf\u00fcllen.<\/li>\n<li><strong>Qualit\u00e4t<\/strong><br \/>\nWir legen gr\u00f6\u00dften Wert auf die Qualit\u00e4t unserer Produkte und Lieferungen.<\/li>\n<li><strong>Mustererstellung<\/strong><br \/>\nVor jeder Produktion wird ein Wei\u00dfmuster zur Pr\u00fcfung der Funktionalit\u00e4t und Optik erstellt.<\/li>\n<\/ul>\n<p><span style=\"color: #ff0000;\">\u00a0<\/span><\/p>\n<blockquote><p>&#8222;Der beste Verk\u00e4ufer<br \/>\nist Ihr Produkt selbst&#8220;<\/p><\/blockquote>\n","protected":false},"excerpt":{"rendered":"<p>DISPLAYS MIT FORMAT Das Wort \u201eDisplay\u201c stammt aus dem Englischen und bedeutet: entfalten, ausbreiten, zeigen, offenbaren, zur Schau stellen. Wir verstehen darunter alle dreidimensionalen Verkaufshilfen aus Papier, Karton oder Pappe, Kunststoff, Holz und Metall, die ihre Produkte am Verkaufsort (Point of Sale) pr\u00e4sentieren. Was unsere Displays auszeichnet: Spezialisierung Durch langj\u00e4hrige Produkt- und Branchenerfahrung finden wir [&hellip;]<\/p>\n","protected":false},"author":1,"featured_media":0,"parent":0,"menu_order":0,"comment_status":"closed","ping_status":"closed","template":"","meta":{"footnotes":""},"class_list":["post-72","page","type-page","status-publish","hentry"],"yoast_head":"<!-- This site is optimized with the Yoast SEO plugin v24.4 - https:\/\/yoast.com\/wordpress\/plugins\/seo\/ -->\n<title>\u00dcber Pindur - Pindur<\/title>\n<meta name=\"robots\" content=\"index, follow, max-snippet:-1, max-image-preview:large, max-video-preview:-1\" \/>\n<link rel=\"canonical\" href=\"https:\/\/www.pindur.at\/pindur\/unternehmen\/\" \/>\n<meta property=\"og:locale\" content=\"de_DE\" \/>\n<meta property=\"og:type\" content=\"article\" \/>\n<meta property=\"og:title\" content=\"\u00dcber Pindur - Pindur\" \/>\n<meta property=\"og:description\" content=\"DISPLAYS MIT FORMAT Das Wort \u201eDisplay\u201c stammt aus dem Englischen und bedeutet: entfalten, ausbreiten, zeigen, offenbaren, zur Schau stellen. Wir verstehen darunter alle dreidimensionalen Verkaufshilfen aus Papier, Karton oder Pappe, Kunststoff, Holz und Metall, die ihre Produkte am Verkaufsort (Point of Sale) pr\u00e4sentieren. Was unsere Displays auszeichnet: Spezialisierung Durch langj\u00e4hrige Produkt- und Branchenerfahrung finden wir [&hellip;]\" \/>\n<meta property=\"og:url\" content=\"https:\/\/www.pindur.at\/pindur\/unternehmen\/\" \/>\n<meta property=\"og:site_name\" content=\"Pindur\" \/>\n<meta property=\"article:modified_time\" content=\"2015-09-16T10:41:52+00:00\" \/>\n<meta name=\"twitter:card\" content=\"summary_large_image\" \/>\n<meta name=\"twitter:label1\" content=\"Gesch\u00e4tzte Lesezeit\" \/>\n\t<meta name=\"twitter:data1\" content=\"1\u00a0Minute\" \/>\n<script type=\"application\/ld+json\" class=\"yoast-schema-graph\">{\"@context\":\"https:\/\/schema.org\",\"@graph\":[{\"@type\":\"WebPage\",\"@id\":\"https:\/\/www.pindur.at\/pindur\/unternehmen\/\",\"url\":\"https:\/\/www.pindur.at\/pindur\/unternehmen\/\",\"name\":\"\u00dcber Pindur - Pindur\",\"isPartOf\":{\"@id\":\"https:\/\/www.pindur.at\/pindur\/#website\"},\"datePublished\":\"2014-12-18T02:20:39+00:00\",\"dateModified\":\"2015-09-16T10:41:52+00:00\",\"breadcrumb\":{\"@id\":\"https:\/\/www.pindur.at\/pindur\/unternehmen\/#breadcrumb\"},\"inLanguage\":\"de\",\"potentialAction\":[{\"@type\":\"ReadAction\",\"target\":[\"https:\/\/www.pindur.at\/pindur\/unternehmen\/\"]}]},{\"@type\":\"BreadcrumbList\",\"@id\":\"https:\/\/www.pindur.at\/pindur\/unternehmen\/#breadcrumb\",\"itemListElement\":[{\"@type\":\"ListItem\",\"position\":1,\"name\":\"Startseite\",\"item\":\"https:\/\/www.pindur.at\/pindur\/\"},{\"@type\":\"ListItem\",\"position\":2,\"name\":\"\u00dcber Pindur\"}]},{\"@type\":\"WebSite\",\"@id\":\"https:\/\/www.pindur.at\/pindur\/#website\",\"url\":\"https:\/\/www.pindur.at\/pindur\/\",\"name\":\"Pindur\",\"description\":\"\",\"publisher\":{\"@id\":\"https:\/\/www.pindur.at\/pindur\/#organization\"},\"potentialAction\":[{\"@type\":\"SearchAction\",\"target\":{\"@type\":\"EntryPoint\",\"urlTemplate\":\"https:\/\/www.pindur.at\/pindur\/?s={search_term_string}\"},\"query-input\":{\"@type\":\"PropertyValueSpecification\",\"valueRequired\":true,\"valueName\":\"search_term_string\"}}],\"inLanguage\":\"de\"},{\"@type\":\"Organization\",\"@id\":\"https:\/\/www.pindur.at\/pindur\/#organization\",\"name\":\"Pindur\",\"url\":\"https:\/\/www.pindur.at\/pindur\/\",\"logo\":{\"@type\":\"ImageObject\",\"inLanguage\":\"de\",\"@id\":\"https:\/\/www.pindur.at\/pindur\/#\/schema\/logo\/image\/\",\"url\":\"https:\/\/www.pindur.at\/wp-content\/uploads\/2014\/12\/pindur.jpg\",\"contentUrl\":\"https:\/\/www.pindur.at\/wp-content\/uploads\/2014\/12\/pindur.jpg\",\"width\":238,\"height\":183,\"caption\":\"Pindur\"},\"image\":{\"@id\":\"https:\/\/www.pindur.at\/pindur\/#\/schema\/logo\/image\/\"}}]}<\/script>\n<!-- \/ Yoast SEO plugin. -->","yoast_head_json":{"title":"\u00dcber Pindur - Pindur","robots":{"index":"index","follow":"follow","max-snippet":"max-snippet:-1","max-image-preview":"max-image-preview:large","max-video-preview":"max-video-preview:-1"},"canonical":"https:\/\/www.pindur.at\/pindur\/unternehmen\/","og_locale":"de_DE","og_type":"article","og_title":"\u00dcber Pindur - Pindur","og_description":"DISPLAYS MIT FORMAT Das Wort \u201eDisplay\u201c stammt aus dem Englischen und bedeutet: entfalten, ausbreiten, zeigen, offenbaren, zur Schau stellen. Wir verstehen darunter alle dreidimensionalen Verkaufshilfen aus Papier, Karton oder Pappe, Kunststoff, Holz und Metall, die ihre Produkte am Verkaufsort (Point of Sale) pr\u00e4sentieren. Was unsere Displays auszeichnet: Spezialisierung Durch langj\u00e4hrige Produkt- und Branchenerfahrung finden wir [&hellip;]","og_url":"https:\/\/www.pindur.at\/pindur\/unternehmen\/","og_site_name":"Pindur","article_modified_time":"2015-09-16T10:41:52+00:00","twitter_card":"summary_large_image","twitter_misc":{"Gesch\u00e4tzte Lesezeit":"1\u00a0Minute"},"schema":{"@context":"https:\/\/schema.org","@graph":[{"@type":"WebPage","@id":"https:\/\/www.pindur.at\/pindur\/unternehmen\/","url":"https:\/\/www.pindur.at\/pindur\/unternehmen\/","name":"\u00dcber Pindur - Pindur","isPartOf":{"@id":"https:\/\/www.pindur.at\/pindur\/#website"},"datePublished":"2014-12-18T02:20:39+00:00","dateModified":"2015-09-16T10:41:52+00:00","breadcrumb":{"@id":"https:\/\/www.pindur.at\/pindur\/unternehmen\/#breadcrumb"},"inLanguage":"de","potentialAction":[{"@type":"ReadAction","target":["https:\/\/www.pindur.at\/pindur\/unternehmen\/"]}]},{"@type":"BreadcrumbList","@id":"https:\/\/www.pindur.at\/pindur\/unternehmen\/#breadcrumb","itemListElement":[{"@type":"ListItem","position":1,"name":"Startseite","item":"https:\/\/www.pindur.at\/pindur\/"},{"@type":"ListItem","position":2,"name":"\u00dcber Pindur"}]},{"@type":"WebSite","@id":"https:\/\/www.pindur.at\/pindur\/#website","url":"https:\/\/www.pindur.at\/pindur\/","name":"Pindur","description":"","publisher":{"@id":"https:\/\/www.pindur.at\/pindur\/#organization"},"potentialAction":[{"@type":"SearchAction","target":{"@type":"EntryPoint","urlTemplate":"https:\/\/www.pindur.at\/pindur\/?s={search_term_string}"},"query-input":{"@type":"PropertyValueSpecification","valueRequired":true,"valueName":"search_term_string"}}],"inLanguage":"de"},{"@type":"Organization","@id":"https:\/\/www.pindur.at\/pindur\/#organization","name":"Pindur","url":"https:\/\/www.pindur.at\/pindur\/","logo":{"@type":"ImageObject","inLanguage":"de","@id":"https:\/\/www.pindur.at\/pindur\/#\/schema\/logo\/image\/","url":"https:\/\/www.pindur.at\/wp-content\/uploads\/2014\/12\/pindur.jpg","contentUrl":"https:\/\/www.pindur.at\/wp-content\/uploads\/2014\/12\/pindur.jpg","width":238,"height":183,"caption":"Pindur"},"image":{"@id":"https:\/\/www.pindur.at\/pindur\/#\/schema\/logo\/image\/"}}]}},"jetpack_sharing_enabled":true,"_links":{"self":[{"href":"https:\/\/www.pindur.at\/pindur\/wp-json\/wp\/v2\/pages\/72","targetHints":{"allow":["GET"]}}],"collection":[{"href":"https:\/\/www.pindur.at\/pindur\/wp-json\/wp\/v2\/pages"}],"about":[{"href":"https:\/\/www.pindur.at\/pindur\/wp-json\/wp\/v2\/types\/page"}],"author":[{"embeddable":true,"href":"https:\/\/www.pindur.at\/pindur\/wp-json\/wp\/v2\/users\/1"}],"replies":[{"embeddable":true,"href":"https:\/\/www.pindur.at\/pindur\/wp-json\/wp\/v2\/comments?post=72"}],"version-history":[{"count":17,"href":"https:\/\/www.pindur.at\/pindur\/wp-json\/wp\/v2\/pages\/72\/revisions"}],"predecessor-version":[{"id":1164,"href":"https:\/\/www.pindur.at\/pindur\/wp-json\/wp\/v2\/pages\/72\/revisions\/1164"}],"wp:attachment":[{"href":"https:\/\/www.pindur.at\/pindur\/wp-json\/wp\/v2\/media?parent=72"}],"curies":[{"name":"wp","href":"https:\/\/api.w.org\/{rel}","templated":true}]}}