{"id":539,"date":"2017-08-10T10:03:51","date_gmt":"2017-08-10T10:03:51","guid":{"rendered":"http:\/\/www.pindur.at\/pindur\/?page_id=539"},"modified":"2025-02-14T12:23:00","modified_gmt":"2025-02-14T12:23:00","slug":"kontaktformular","status":"publish","type":"page","link":"https:\/\/www.pindur.at\/pindur\/kontaktformular\/","title":{"rendered":"Kontaktformular"},"content":{"rendered":"<p>Wir sind Ihr Partner, wenn Sie hohe Anforderungen an die Pr\u00e4sentation Ihrer Produktmuster stellen.<\/p>\n<div data-test='contact-form' id='contact-form-539' class='wp-block-jetpack-contact-form-container '>\n<form action='https:\/\/www.pindur.at\/pindur\/kontaktformular\/#contact-form-539' method='post' class='contact-form commentsblock' aria-label=\"Kontaktformular\" novalidate>\n\n<div style=\"\" class='grunion-field-name-wrap grunion-field-wrap'  >\n<label\n\t\t\t\tfor='g539-name'\n\t\t\t\tclass='grunion-field-label name'>Name<span class=\"grunion-label-required\" aria-hidden=\"true\">(erforderlich)<\/span><\/label>\n<input\n\t\t\t\t\ttype='text'\n\t\t\t\t\tname='g539-name'\n\t\t\t\t\tid='g539-name'\n\t\t\t\t\tvalue=''\n\t\t\t\t\tclass='name  grunion-field' \n\t\t\t\t\trequired aria-required='true' \/>\n\t<\/div>\n\n<div style=\"\" class='grunion-field-email-wrap grunion-field-wrap'  >\n<label\n\t\t\t\tfor='g539-email'\n\t\t\t\tclass='grunion-field-label email'>E-Mail<span class=\"grunion-label-required\" aria-hidden=\"true\">(erforderlich)<\/span><\/label>\n<input\n\t\t\t\t\ttype='email'\n\t\t\t\t\tname='g539-email'\n\t\t\t\t\tid='g539-email'\n\t\t\t\t\tvalue=''\n\t\t\t\t\tclass='email  grunion-field' \n\t\t\t\t\trequired aria-required='true' \/>\n\t<\/div>\n\n<div style=\"\" class='grunion-field-text-wrap grunion-field-wrap'  >\n<label\n\t\t\t\tfor='g539-telefon'\n\t\t\t\tclass='grunion-field-label text'>Telefon<span class=\"grunion-label-required\" aria-hidden=\"true\">(erforderlich)<\/span><\/label>\n<input\n\t\t\t\t\ttype='text'\n\t\t\t\t\tname='g539-telefon'\n\t\t\t\t\tid='g539-telefon'\n\t\t\t\t\tvalue=''\n\t\t\t\t\tclass='text  grunion-field' \n\t\t\t\t\trequired aria-required='true' \/>\n\t<\/div>\n\n<div style=\"\" class='grunion-field-select-wrap grunion-field-wrap'  >\n<label\n\t\t\t\tfor='g539-betreff'\n\t\t\t\tclass='grunion-field-label select'>Betreff<\/label>\n<div class='contact-form__select-wrapper'>\t<select name='g539-betreff' id='g539-betreff' class='select  grunion-field' >\n\t\t<option value='Produktanfrage'>Produktanfrage<\/option>\n\t\t<option value='R\u00fcckruf erbeten'>R\u00fcckruf erbeten<\/option>\n\t\t<option value='Sonstiges'>Sonstiges<\/option>\n\t<\/select>\n<\/div>\n\t<\/div>\n\n<div style=\"\" class='grunion-field-checkbox-wrap grunion-field-wrap'  >\n<div class='contact-form__checkbox-wrap'><input id='g539-displaysaufsteller' type='checkbox' name='g539-displaysaufsteller' value='Ja' class='checkbox  grunion-field'  \/> \n<label for='g539-displaysaufsteller' class='grunion-field-label checkbox' style=''>Displays, Aufsteller<\/label>\n<div class='clear-form'><\/div>\n<\/div>\t<\/div>\n\n<div style=\"\" class='grunion-field-checkbox-wrap grunion-field-wrap'  >\n<div class='contact-form__checkbox-wrap'><input id='g539-ringordnermappen' type='checkbox' name='g539-ringordnermappen' value='Ja' class='checkbox  grunion-field'  \/> \n<label for='g539-ringordnermappen' class='grunion-field-label checkbox' style=''>Ringordner, Mappen<\/label>\n<div class='clear-form'><\/div>\n<\/div>\t<\/div>\n\n<div style=\"\" class='grunion-field-checkbox-wrap grunion-field-wrap'  >\n<div class='contact-form__checkbox-wrap'><input id='g539-musterkollektionen' type='checkbox' name='g539-musterkollektionen' value='Ja' class='checkbox  grunion-field'  \/> \n<label for='g539-musterkollektionen' class='grunion-field-label checkbox' style=''>Musterkollektionen<\/label>\n<div class='clear-form'><\/div>\n<\/div>\t<\/div>\n\n<div style=\"\" class='grunion-field-textarea-wrap grunion-field-wrap'  >\n<label\n\t\t\t\tfor='contact-form-comment-g539-kommentar'\n\t\t\t\tclass='grunion-field-label textarea'>Kommentar<span class=\"grunion-label-required\" aria-hidden=\"true\">(erforderlich)<\/span><\/label>\n<textarea\n\t\t                style=''\n\t\t                name='g539-kommentar'\n\t\t                id='contact-form-comment-g539-kommentar'\n\t\t                rows='20' class='textarea  grunion-field'  required aria-required='true'><\/textarea>\n\t<\/div>\n\t<p class='contact-submit'>\n\t\t<button type='submit' class='pushbutton-wide'>Senden<\/button>\t\t<input type='hidden' name='contact-form-id' value='539' \/>\n\t\t<input type='hidden' name='action' value='grunion-contact-form' \/>\n\t\t<input type='hidden' name='contact-form-hash' value='38bb4cae1b479c9646475afcb9d7c3b6a533c6e3' \/>\n\t<\/p>\n<p style=\"display: none !important;\" class=\"akismet-fields-container\" data-prefix=\"ak_\"><label>&#916;<textarea name=\"ak_hp_textarea\" cols=\"45\" rows=\"8\" maxlength=\"100\"><\/textarea><\/label><input type=\"hidden\" id=\"ak_js_1\" name=\"ak_js\" value=\"200\"\/><script>document.getElementById( \"ak_js_1\" ).setAttribute( \"value\", ( new Date() ).getTime() );<\/script><\/p><\/form>\n<\/div>\n<p><strong>Mit Pindur haben Sie alle Tr\u00fcmpfe in Ihrer Hand!<\/strong><\/p>\n<p>Musterkollektionen stellen einen besonderen Wert dar \u2013 sie repr\u00e4sentieren die Qualit\u00e4t Ihrer Produkte und damit die Ihres Unternehmens.<\/p>\n<p><strong><a href=\"https:\/\/www.musterkollektionen.at\/wp-content\/uploads\/sites\/7\/2014\/12\/Karten.jpg\" target=\"_blank\" rel=\"noopener\"><img loading=\"lazy\" decoding=\"async\" class=\"alignright wp-image-162 size-medium\" src=\"https:\/\/www.musterkollektionen.at\/wp-content\/uploads\/sites\/7\/2014\/12\/Karten-300x218.jpg\" alt=\"Karten\" width=\"300\" height=\"218\" \/><\/a><\/strong><\/p>\n<blockquote><p>&#8222;Ein Muster an Qualit\u00e4t&#8220;<\/p><\/blockquote>\n","protected":false},"excerpt":{"rendered":"<p>Wir sind Ihr Partner, wenn Sie hohe Anforderungen an die Pr\u00e4sentation Ihrer Produktmuster stellen. Mit Pindur haben Sie alle Tr\u00fcmpfe in Ihrer Hand! Musterkollektionen stellen einen besonderen Wert dar \u2013 sie repr\u00e4sentieren die Qualit\u00e4t Ihrer Produkte und damit die Ihres Unternehmens. &#8222;Ein Muster an Qualit\u00e4t&#8220;<\/p>\n","protected":false},"author":1,"featured_media":0,"parent":0,"menu_order":0,"comment_status":"closed","ping_status":"closed","template":"","meta":{"footnotes":""},"class_list":["post-539","page","type-page","status-publish","hentry"],"yoast_head":"<!-- This site is optimized with the Yoast SEO plugin v24.4 - https:\/\/yoast.com\/wordpress\/plugins\/seo\/ -->\n<title>Kontaktformular - Pindur<\/title>\n<meta name=\"robots\" content=\"index, follow, max-snippet:-1, max-image-preview:large, max-video-preview:-1\" \/>\n<link rel=\"canonical\" href=\"https:\/\/www.pindur.at\/pindur\/kontaktformular\/\" \/>\n<meta property=\"og:locale\" content=\"de_DE\" \/>\n<meta property=\"og:type\" content=\"article\" \/>\n<meta property=\"og:title\" content=\"Kontaktformular - Pindur\" \/>\n<meta property=\"og:description\" content=\"Wir sind Ihr Partner, wenn Sie hohe Anforderungen an die Pr\u00e4sentation Ihrer Produktmuster stellen. Mit Pindur haben Sie alle Tr\u00fcmpfe in Ihrer Hand! Musterkollektionen stellen einen besonderen Wert dar \u2013 sie repr\u00e4sentieren die Qualit\u00e4t Ihrer Produkte und damit die Ihres Unternehmens. &#8222;Ein Muster an Qualit\u00e4t&#8220;\" \/>\n<meta property=\"og:url\" content=\"https:\/\/www.pindur.at\/pindur\/kontaktformular\/\" \/>\n<meta property=\"og:site_name\" content=\"Pindur\" \/>\n<meta property=\"article:modified_time\" content=\"2025-02-14T12:23:00+00:00\" \/>\n<meta name=\"twitter:card\" content=\"summary_large_image\" \/>\n<meta name=\"twitter:label1\" content=\"Gesch\u00e4tzte Lesezeit\" \/>\n\t<meta name=\"twitter:data1\" content=\"1\u00a0Minute\" \/>\n<script type=\"application\/ld+json\" class=\"yoast-schema-graph\">{\"@context\":\"https:\/\/schema.org\",\"@graph\":[{\"@type\":\"WebPage\",\"@id\":\"https:\/\/www.pindur.at\/pindur\/kontaktformular\/\",\"url\":\"https:\/\/www.pindur.at\/pindur\/kontaktformular\/\",\"name\":\"Kontaktformular - Pindur\",\"isPartOf\":{\"@id\":\"https:\/\/www.pindur.at\/pindur\/#website\"},\"primaryImageOfPage\":{\"@id\":\"https:\/\/www.pindur.at\/pindur\/kontaktformular\/#primaryimage\"},\"image\":{\"@id\":\"https:\/\/www.pindur.at\/pindur\/kontaktformular\/#primaryimage\"},\"thumbnailUrl\":\"https:\/\/www.musterkollektionen.at\/wp-content\/uploads\/sites\/7\/2014\/12\/Karten-300x218.jpg\",\"datePublished\":\"2017-08-10T10:03:51+00:00\",\"dateModified\":\"2025-02-14T12:23:00+00:00\",\"breadcrumb\":{\"@id\":\"https:\/\/www.pindur.at\/pindur\/kontaktformular\/#breadcrumb\"},\"inLanguage\":\"de\",\"potentialAction\":[{\"@type\":\"ReadAction\",\"target\":[\"https:\/\/www.pindur.at\/pindur\/kontaktformular\/\"]}]},{\"@type\":\"ImageObject\",\"inLanguage\":\"de\",\"@id\":\"https:\/\/www.pindur.at\/pindur\/kontaktformular\/#primaryimage\",\"url\":\"https:\/\/www.musterkollektionen.at\/wp-content\/uploads\/sites\/7\/2014\/12\/Karten-300x218.jpg\",\"contentUrl\":\"https:\/\/www.musterkollektionen.at\/wp-content\/uploads\/sites\/7\/2014\/12\/Karten-300x218.jpg\"},{\"@type\":\"BreadcrumbList\",\"@id\":\"https:\/\/www.pindur.at\/pindur\/kontaktformular\/#breadcrumb\",\"itemListElement\":[{\"@type\":\"ListItem\",\"position\":1,\"name\":\"Startseite\",\"item\":\"https:\/\/www.pindur.at\/pindur\/\"},{\"@type\":\"ListItem\",\"position\":2,\"name\":\"Kontaktformular\"}]},{\"@type\":\"WebSite\",\"@id\":\"https:\/\/www.pindur.at\/pindur\/#website\",\"url\":\"https:\/\/www.pindur.at\/pindur\/\",\"name\":\"Pindur\",\"description\":\"\",\"publisher\":{\"@id\":\"https:\/\/www.pindur.at\/pindur\/#organization\"},\"potentialAction\":[{\"@type\":\"SearchAction\",\"target\":{\"@type\":\"EntryPoint\",\"urlTemplate\":\"https:\/\/www.pindur.at\/pindur\/?s={search_term_string}\"},\"query-input\":{\"@type\":\"PropertyValueSpecification\",\"valueRequired\":true,\"valueName\":\"search_term_string\"}}],\"inLanguage\":\"de\"},{\"@type\":\"Organization\",\"@id\":\"https:\/\/www.pindur.at\/pindur\/#organization\",\"name\":\"Pindur\",\"url\":\"https:\/\/www.pindur.at\/pindur\/\",\"logo\":{\"@type\":\"ImageObject\",\"inLanguage\":\"de\",\"@id\":\"https:\/\/www.pindur.at\/pindur\/#\/schema\/logo\/image\/\",\"url\":\"https:\/\/www.pindur.at\/wp-content\/uploads\/2014\/12\/pindur.jpg\",\"contentUrl\":\"https:\/\/www.pindur.at\/wp-content\/uploads\/2014\/12\/pindur.jpg\",\"width\":238,\"height\":183,\"caption\":\"Pindur\"},\"image\":{\"@id\":\"https:\/\/www.pindur.at\/pindur\/#\/schema\/logo\/image\/\"}}]}<\/script>\n<!-- \/ Yoast SEO plugin. -->","yoast_head_json":{"title":"Kontaktformular - Pindur","robots":{"index":"index","follow":"follow","max-snippet":"max-snippet:-1","max-image-preview":"max-image-preview:large","max-video-preview":"max-video-preview:-1"},"canonical":"https:\/\/www.pindur.at\/pindur\/kontaktformular\/","og_locale":"de_DE","og_type":"article","og_title":"Kontaktformular - Pindur","og_description":"Wir sind Ihr Partner, wenn Sie hohe Anforderungen an die Pr\u00e4sentation Ihrer Produktmuster stellen. Mit Pindur haben Sie alle Tr\u00fcmpfe in Ihrer Hand! Musterkollektionen stellen einen besonderen Wert dar \u2013 sie repr\u00e4sentieren die Qualit\u00e4t Ihrer Produkte und damit die Ihres Unternehmens. &#8222;Ein Muster an Qualit\u00e4t&#8220;","og_url":"https:\/\/www.pindur.at\/pindur\/kontaktformular\/","og_site_name":"Pindur","article_modified_time":"2025-02-14T12:23:00+00:00","twitter_card":"summary_large_image","twitter_misc":{"Gesch\u00e4tzte Lesezeit":"1\u00a0Minute"},"schema":{"@context":"https:\/\/schema.org","@graph":[{"@type":"WebPage","@id":"https:\/\/www.pindur.at\/pindur\/kontaktformular\/","url":"https:\/\/www.pindur.at\/pindur\/kontaktformular\/","name":"Kontaktformular - Pindur","isPartOf":{"@id":"https:\/\/www.pindur.at\/pindur\/#website"},"primaryImageOfPage":{"@id":"https:\/\/www.pindur.at\/pindur\/kontaktformular\/#primaryimage"},"image":{"@id":"https:\/\/www.pindur.at\/pindur\/kontaktformular\/#primaryimage"},"thumbnailUrl":"https:\/\/www.musterkollektionen.at\/wp-content\/uploads\/sites\/7\/2014\/12\/Karten-300x218.jpg","datePublished":"2017-08-10T10:03:51+00:00","dateModified":"2025-02-14T12:23:00+00:00","breadcrumb":{"@id":"https:\/\/www.pindur.at\/pindur\/kontaktformular\/#breadcrumb"},"inLanguage":"de","potentialAction":[{"@type":"ReadAction","target":["https:\/\/www.pindur.at\/pindur\/kontaktformular\/"]}]},{"@type":"ImageObject","inLanguage":"de","@id":"https:\/\/www.pindur.at\/pindur\/kontaktformular\/#primaryimage","url":"https:\/\/www.musterkollektionen.at\/wp-content\/uploads\/sites\/7\/2014\/12\/Karten-300x218.jpg","contentUrl":"https:\/\/www.musterkollektionen.at\/wp-content\/uploads\/sites\/7\/2014\/12\/Karten-300x218.jpg"},{"@type":"BreadcrumbList","@id":"https:\/\/www.pindur.at\/pindur\/kontaktformular\/#breadcrumb","itemListElement":[{"@type":"ListItem","position":1,"name":"Startseite","item":"https:\/\/www.pindur.at\/pindur\/"},{"@type":"ListItem","position":2,"name":"Kontaktformular"}]},{"@type":"WebSite","@id":"https:\/\/www.pindur.at\/pindur\/#website","url":"https:\/\/www.pindur.at\/pindur\/","name":"Pindur","description":"","publisher":{"@id":"https:\/\/www.pindur.at\/pindur\/#organization"},"potentialAction":[{"@type":"SearchAction","target":{"@type":"EntryPoint","urlTemplate":"https:\/\/www.pindur.at\/pindur\/?s={search_term_string}"},"query-input":{"@type":"PropertyValueSpecification","valueRequired":true,"valueName":"search_term_string"}}],"inLanguage":"de"},{"@type":"Organization","@id":"https:\/\/www.pindur.at\/pindur\/#organization","name":"Pindur","url":"https:\/\/www.pindur.at\/pindur\/","logo":{"@type":"ImageObject","inLanguage":"de","@id":"https:\/\/www.pindur.at\/pindur\/#\/schema\/logo\/image\/","url":"https:\/\/www.pindur.at\/wp-content\/uploads\/2014\/12\/pindur.jpg","contentUrl":"https:\/\/www.pindur.at\/wp-content\/uploads\/2014\/12\/pindur.jpg","width":238,"height":183,"caption":"Pindur"},"image":{"@id":"https:\/\/www.pindur.at\/pindur\/#\/schema\/logo\/image\/"}}]}},"jetpack_sharing_enabled":true,"_links":{"self":[{"href":"https:\/\/www.pindur.at\/pindur\/wp-json\/wp\/v2\/pages\/539","targetHints":{"allow":["GET"]}}],"collection":[{"href":"https:\/\/www.pindur.at\/pindur\/wp-json\/wp\/v2\/pages"}],"about":[{"href":"https:\/\/www.pindur.at\/pindur\/wp-json\/wp\/v2\/types\/page"}],"author":[{"embeddable":true,"href":"https:\/\/www.pindur.at\/pindur\/wp-json\/wp\/v2\/users\/1"}],"replies":[{"embeddable":true,"href":"https:\/\/www.pindur.at\/pindur\/wp-json\/wp\/v2\/comments?post=539"}],"version-history":[{"count":7,"href":"https:\/\/www.pindur.at\/pindur\/wp-json\/wp\/v2\/pages\/539\/revisions"}],"predecessor-version":[{"id":3685,"href":"https:\/\/www.pindur.at\/pindur\/wp-json\/wp\/v2\/pages\/539\/revisions\/3685"}],"wp:attachment":[{"href":"https:\/\/www.pindur.at\/pindur\/wp-json\/wp\/v2\/media?parent=539"}],"curies":[{"name":"wp","href":"https:\/\/api.w.org\/{rel}","templated":true}]}}