{"id":242,"date":"2014-12-20T10:02:02","date_gmt":"2014-12-20T10:02:02","guid":{"rendered":"http:\/\/www.host-109357.webhosting.magentabusiness.at\/pindur\/?page_id=242"},"modified":"2022-04-21T13:20:09","modified_gmt":"2022-04-21T13:20:09","slug":"impressum-datenschutz","status":"publish","type":"page","link":"https:\/\/www.pindur.at\/pindur\/impressum-datenschutz\/","title":{"rendered":"Impressum und Datenschutz"},"content":{"rendered":"<p><strong>Walter Pindur GmbH<\/strong><\/p>\n<p>Industriegasse II\/5, A-7053 Hornstein<br \/>\nTel. 02689\/25035-0, Fax. 02689\/25035-20<br \/>\neMail: <a href=\"mailto:office@pindur.at\">office@pindur.at<\/a><\/p>\n<p><strong><span style=\"color: #000000;\"><br \/>\nRECHTLICHES<\/span><\/strong><\/p>\n<p>Die Inhalte dieser Website sind Eigentum der Walter Pindur GmbH und d\u00fcrfen nur mit deren ausdr\u00fccklicher Genehmigung weiterverwendet werden.<\/p>\n<p>\u00c4nderungen im Zuge der technischen Weiterentwicklung vorbehalten.<br \/>\n\u00a92002\u20132018, Pindur GmbH.<\/p>\n<p><strong><br \/>\nWKO FIRMENANGABEN<\/strong><\/p>\n<p>Gem\u00e4\u00df den rechtlichen Bedingungen f\u00fcr E-Commerce finden Sie hier die Angaben zur Firma sowie die M\u00f6glichkeit, die Allgemeinen Gesch\u00e4ftsbedingungen der Walter Pindur GmbH als PDF herunter zu laden.<\/p>\n<p>DESIGN | UMSETZUNG<a href=\"https:\/\/www.lighthouse.co.at\" target=\"_blank\" rel=\"noopener\">: Lighthouse Werbeagentur<\/a><\/p>\n<p>&nbsp;<\/p>\n<p><strong>DATENSCHUTZERKL\u00c4RUNG<\/strong><\/p>\n<p>Der Schutz Ihrer pers\u00f6nlichen Daten ist uns ein besonderes Anliegen. Wir verarbeiten Ihre Daten daher ausschlie\u00dflich auf Grundlage der gesetzlichen Bestimmungen (DSGVO, TKG 2003). In diesen Datenschutzinformationen informieren wir Sie \u00fcber die wichtigsten Aspekte der Datenverarbeitung im Rahmen unserer Website.<\/p>\n<p>&nbsp;<\/p>\n<p><strong>Kontakt mit uns<\/strong><\/p>\n<p>Wenn Sie per Formular auf der Website oder per E-Mail Kontakt mit uns aufnehmen, werden Ihre angegebenen Daten zwecks Bearbeitung der Anfrage und f\u00fcr den Fall von Anschlussfragen sechs Monate bei uns gespeichert. Diese Daten geben wir nicht ohne Ihre Einwilligung weiter.<\/p>\n<p><strong><br \/>\nCookies<\/strong><\/p>\n<p>Unsere Website verwendet so genannte Cookies. Dabei handelt es sich um kleine Textdateien, die mit Hilfe des Browsers auf Ihrem Endger\u00e4t abgelegt werden. Sie richten keinen Schaden an.<br \/>\nWir nutzen Cookies dazu, unser Angebot nutzerfreundlich zu gestalten. Einige Cookies bleiben auf Ihrem Endger\u00e4t gespeichert, bis Sie diese l\u00f6schen. Sie erm\u00f6glichen es uns, Ihren Browser beim n\u00e4chsten Besuch wiederzuerkennen.<br \/>\nWenn Sie dies nicht w\u00fcnschen, so k\u00f6nnen Sie Ihren Browser so einrichten, dass er Sie \u00fcber das Setzen von Cookies informiert und Sie dies nur im Einzelfall erlauben.<br \/>\nBei der Deaktivierung von Cookies kann die Funktionalit\u00e4t unserer Website eingeschr\u00e4nkt sein.<\/p>\n<p><strong><br \/>\nServer-Log-Files<\/strong><br \/>\n(Zugriffsstatistik)<\/p>\n<p>Der Provider der Seiten erhebt und speichert automatisch Informationen bei jeder Nutzung dieser Webseite in so genannten Server-Log Files, die Ihr Browser automatisch an uns \u00fcbermittelt.<br \/>\nDies sind: z. B. IP-Adresse, Browsertyp\/ Browserversion, verwendetes Betriebssystem, Seite von der aus Sie unsere Seite besucht haben, Hostname des zugreifenden Rechners, Uhrzeit der Serveranfrage. Diese Daten sind nicht bestimmten Personen zuordenbar und erm\u00f6glichen keine Identifikation unserer Nutzer. Eine Zusammenf\u00fchrung dieser Daten mit anderen Datenquellen wird nicht vorgenommen. Diese Daten werden nur f\u00fcr statistische Zwecke verwendet. Wir behalten uns vor, diese Daten nachtr\u00e4glich zu pr\u00fcfen, wenn uns konkrete Anhaltspunkte f\u00fcr eine rechtswidrige Nutzung bekannt werden.<\/p>\n<p><strong><br \/>\nWeb-Analyse<\/strong><\/p>\n<p>Diese Website benutzt Google Analytics, einen Webanalysedienst der Google Inc. (\u201eGoogle\u201c). Google Analytics verwendet sog. \u201eCookies\u201c, Textdateien, die auf Ihrem Computer gespeichert werden und die eine Analyse der Benutzung der Website durch Sie erm\u00f6glichen. Die durch das Cookie erzeugten Informationen \u00fcber Ihre Benutzung dieser Website werden in der Regel an einen Server von Google in den USA \u00fcbertragen und dort gespeichert. Im Falle der Aktivierung der IP-Anonymisierung auf dieser Website, wird Ihre IP-Adresse von Google jedoch innerhalb von Mitgliedstaaten der Europ\u00e4ischen Union oder in anderen Vertragsstaaten des Abkommens \u00fcber den Europ\u00e4ischen Wirtschaftsraum zuvor gek\u00fcrzt. Nur in Ausnahmef\u00e4llen wird die volle IP-Adresse an einen Server von Google in den USA \u00fcbertragen und dort gek\u00fcrzt. Im Auftrag des Betreibers dieser Website wird Google diese Informationen benutzen, um Ihre Nutzung der Website auszuwerten, um Reports \u00fcber die Websiteaktivit\u00e4ten zusammenzustellen und um weitere mit der Websitenutzung und der Internetnutzung verbundene Dienstleistungen gegen\u00fcber dem Websitebetreiber zu erbringen. Die im Rahmen von Google Analytics von Ihrem Browser \u00fcbermittelte IP-Adresse wird nicht mit anderen Daten von Google zusammengef\u00fchrt. Sie k\u00f6nnen die Speicherung der Cookies durch eine entsprechende Einstellung Ihrer Browser-Software verhindern; wir weisen Sie jedoch darauf hin, dass Sie in diesem Fall gegebenenfalls nicht s\u00e4mtliche Funktionen dieser Website vollumf\u00e4nglich werden nutzen k\u00f6nnen.<\/p>\n<p>Sie k\u00f6nnen dar\u00fcber hinaus die Erfassung der durch das Cookie erzeugten und auf Ihre Nutzung der Website bezogenen Daten (inkl. Ihrer IP-Adresse) an Google sowie die Verarbeitung dieser Daten durch Google verhindern, indem Sie das unter dem folgenden Link <a href=\"http:\/\/tools.google.com\/dlpage\/gaoptout?hl=de\" target=\"_blank\" rel=\"noopener\">http:\/\/tools.google.com\/dlpage\/gaoptout?hl=de<\/a> verf\u00fcgbare Browser-Plugin herunterladen und installieren.<\/p>\n<p>N\u00e4here Informationen zu Nutzungsbedingungen und Datenschutz finden Sie unter <a href=\"http:\/\/www.google.com\/analytics\/terms\/de.html\" target=\"_blank\" rel=\"noopener\">http:\/\/www.google.com\/analytics\/terms\/de.html<\/a> bzw. unter <a href=\"https:\/\/www.google.de\/intl\/de\/policies\/\" target=\"_blank\" rel=\"noopener\">https:\/\/www.google.de\/intl\/de\/policies\/<\/a> . Wir weisen Sie darauf hin, dass auf dieser Website Google Analytics um den Code \u201eanonymizeIp\u201c erweitert wurde, um eine anonymisierte Erfassung von IP-Adressen (sog. IP-Masking) zu gew\u00e4hrleisten.<\/p>\n<p><strong><br \/>\nNewsletter<\/strong><\/p>\n<p>Sie haben die M\u00f6glichkeit, durch Kontaktaufnahme unseren Newsletter zu abonnieren. Hierf\u00fcr ben\u00f6tigen wir Ihre E-Mail-Adresse und Ihre Erkl\u00e4rung, dass Sie mit dem Bezug des Newsletters einverstanden sind.<\/p>\n<p>Um Sie zielgerichtet mit Informationen zu versorgen, erheben und verarbeiten wir au\u00dferdem freiwillig gemachte Angaben zu Firmennamen, Adresse und Interessengebieten.<\/p>\n<p>Diese Daten verwenden wir ausschlie\u00dflich f\u00fcr den Versand der angeforderten Informationen und geben diese nicht an Dritte weiter.<\/p>\n<p>Ihre Einwilligung zur Speicherung der Daten, der E-Mail-Adresse sowie deren Nutzung zum Versand des Newsletters k\u00f6nnen Sie jederzeit widerrufen. Dies kann jederzeit mittels Link in der jeweiligen Aussendung oder direkter Kontaktaufnahme storniert werden. Senden Sie Ihre Abmeldung bitte an folgende E-Mail-Adresse: <a href=\"mailto:office@pindur.at\">office@pindur.at<\/a>. Wir l\u00f6schen anschlie\u00dfend umgehend Ihre Daten im Zusammenhang mit dem Newsletter-Versand.<\/p>\n<p>F\u00fcr den Versand des Info-Services verwenden wir den Anbieter MailChimp (eine Marke der Rocket Science Group, LLC, 675 Ponce De Leon Ave NE #5000, Atlanta, GA 30308, USA) aus den USA. Mail Chimp ist bei <a href=\"https:\/\/www.privacyshield.gov\/welcome\" target=\"_blank\" rel=\"noopener\">privacy shield<\/a> registriert und verpflichtet, die EU-Datenschutzregeln einzuhalten.<\/p>\n<p>F\u00fcr den Umgang mit Ihren Daten bei MailChimp verweisen wir auf die <a href=\"https:\/\/mailchimp.com\/legal\/privacy\/\" target=\"_blank\" rel=\"noopener\">Datenschutzerkl\u00e4rung <\/a>von MailChimp. MailChimp wird Ihre Daten nur f\u00fcr den Versand des Newsletters und die Auswertung dieses Versandes in unserem Auftrag verwenden. Weiter wird MailChimp Ihre Daten nur zur Verbesserung des eigenen Services nutzen. MailChimp wird die Daten aber nicht verwenden, um Sie selbst anzuschreiben oder Ihre Daten an Dritte weiter geben.<\/p>\n<p>Die von MailChimp verwendeten Daten enthalten einen \u201eweb-beacon\u201c, der die \u00d6ffnung des Newletters und\/oder die Bet\u00e4tigung eines darin enthaltenen Links durch Sie an MailChimp sendet. Dabei werden an MailChimp Informationen zu Ihrem Browser, Ihren Standort und Ihre IP-Adresse \u00fcbermittelt. Diese Informationen werden verwendet, um unsere Ansprache an Sie zu optimieren.<\/p>\n<p><strong>Ihre Rechte<\/strong><\/p>\n<p>Ihnen stehen grunds\u00e4tzlich die Rechte auf Auskunft, Berichtigung, L\u00f6schung, Einschr\u00e4nkung, Daten\u00fcbertragbarkeit, Widerruf und Widerspruch zu. Wenn Sie glauben, dass die Verarbeitung Ihrer Daten gegen das Datenschutzrecht verst\u00f6\u00dft oder Ihre datenschutzrechtlichen Anspr\u00fcche sonst in einer Weise verletzt worden sind, k\u00f6nnen Sie sich bei der Aufsichtsbeh\u00f6rde beschweren. In \u00d6sterreich ist dies die Datenschutzbeh\u00f6rde.<\/p>\n<p>&nbsp;<\/p>\n","protected":false},"excerpt":{"rendered":"<p>Walter Pindur GmbH Industriegasse II\/5, A-7053 Hornstein Tel. 02689\/25035-0, Fax. 02689\/25035-20 eMail: office@pindur.at RECHTLICHES Die Inhalte dieser Website sind Eigentum der Walter Pindur GmbH und d\u00fcrfen nur mit deren ausdr\u00fccklicher Genehmigung weiterverwendet werden. \u00c4nderungen im Zuge der technischen Weiterentwicklung vorbehalten. \u00a92002\u20132018, Pindur GmbH. WKO FIRMENANGABEN Gem\u00e4\u00df den rechtlichen Bedingungen f\u00fcr E-Commerce finden Sie hier die [&hellip;]<\/p>\n","protected":false},"author":1,"featured_media":0,"parent":0,"menu_order":0,"comment_status":"closed","ping_status":"closed","template":"","meta":{"footnotes":""},"class_list":["post-242","page","type-page","status-publish","hentry"],"yoast_head":"<!-- This site is optimized with the Yoast SEO plugin v24.4 - https:\/\/yoast.com\/wordpress\/plugins\/seo\/ -->\n<title>Impressum und Datenschutz - Pindur<\/title>\n<meta name=\"robots\" content=\"index, follow, max-snippet:-1, max-image-preview:large, max-video-preview:-1\" \/>\n<link rel=\"canonical\" href=\"https:\/\/www.pindur.at\/pindur\/impressum-datenschutz\/\" \/>\n<meta property=\"og:locale\" content=\"de_DE\" \/>\n<meta property=\"og:type\" content=\"article\" \/>\n<meta property=\"og:title\" content=\"Impressum und Datenschutz - Pindur\" \/>\n<meta property=\"og:description\" content=\"Walter Pindur GmbH Industriegasse II\/5, A-7053 Hornstein Tel. 02689\/25035-0, Fax. 02689\/25035-20 eMail: office@pindur.at RECHTLICHES Die Inhalte dieser Website sind Eigentum der Walter Pindur GmbH und d\u00fcrfen nur mit deren ausdr\u00fccklicher Genehmigung weiterverwendet werden. \u00c4nderungen im Zuge der technischen Weiterentwicklung vorbehalten. \u00a92002\u20132018, Pindur GmbH. WKO FIRMENANGABEN Gem\u00e4\u00df den rechtlichen Bedingungen f\u00fcr E-Commerce finden Sie hier die [&hellip;]\" \/>\n<meta property=\"og:url\" content=\"https:\/\/www.pindur.at\/pindur\/impressum-datenschutz\/\" \/>\n<meta property=\"og:site_name\" content=\"Pindur\" \/>\n<meta property=\"article:modified_time\" content=\"2022-04-21T13:20:09+00:00\" \/>\n<meta name=\"twitter:card\" content=\"summary_large_image\" \/>\n<meta name=\"twitter:label1\" content=\"Gesch\u00e4tzte Lesezeit\" \/>\n\t<meta name=\"twitter:data1\" content=\"5\u00a0Minuten\" \/>\n<script type=\"application\/ld+json\" class=\"yoast-schema-graph\">{\"@context\":\"https:\/\/schema.org\",\"@graph\":[{\"@type\":\"WebPage\",\"@id\":\"https:\/\/www.pindur.at\/pindur\/impressum-datenschutz\/\",\"url\":\"https:\/\/www.pindur.at\/pindur\/impressum-datenschutz\/\",\"name\":\"Impressum und Datenschutz - Pindur\",\"isPartOf\":{\"@id\":\"https:\/\/www.pindur.at\/pindur\/#website\"},\"datePublished\":\"2014-12-20T10:02:02+00:00\",\"dateModified\":\"2022-04-21T13:20:09+00:00\",\"breadcrumb\":{\"@id\":\"https:\/\/www.pindur.at\/pindur\/impressum-datenschutz\/#breadcrumb\"},\"inLanguage\":\"de\",\"potentialAction\":[{\"@type\":\"ReadAction\",\"target\":[\"https:\/\/www.pindur.at\/pindur\/impressum-datenschutz\/\"]}]},{\"@type\":\"BreadcrumbList\",\"@id\":\"https:\/\/www.pindur.at\/pindur\/impressum-datenschutz\/#breadcrumb\",\"itemListElement\":[{\"@type\":\"ListItem\",\"position\":1,\"name\":\"Startseite\",\"item\":\"https:\/\/www.pindur.at\/pindur\/\"},{\"@type\":\"ListItem\",\"position\":2,\"name\":\"Impressum und Datenschutz\"}]},{\"@type\":\"WebSite\",\"@id\":\"https:\/\/www.pindur.at\/pindur\/#website\",\"url\":\"https:\/\/www.pindur.at\/pindur\/\",\"name\":\"Pindur\",\"description\":\"\",\"publisher\":{\"@id\":\"https:\/\/www.pindur.at\/pindur\/#organization\"},\"potentialAction\":[{\"@type\":\"SearchAction\",\"target\":{\"@type\":\"EntryPoint\",\"urlTemplate\":\"https:\/\/www.pindur.at\/pindur\/?s={search_term_string}\"},\"query-input\":{\"@type\":\"PropertyValueSpecification\",\"valueRequired\":true,\"valueName\":\"search_term_string\"}}],\"inLanguage\":\"de\"},{\"@type\":\"Organization\",\"@id\":\"https:\/\/www.pindur.at\/pindur\/#organization\",\"name\":\"Pindur\",\"url\":\"https:\/\/www.pindur.at\/pindur\/\",\"logo\":{\"@type\":\"ImageObject\",\"inLanguage\":\"de\",\"@id\":\"https:\/\/www.pindur.at\/pindur\/#\/schema\/logo\/image\/\",\"url\":\"https:\/\/www.pindur.at\/wp-content\/uploads\/2014\/12\/pindur.jpg\",\"contentUrl\":\"https:\/\/www.pindur.at\/wp-content\/uploads\/2014\/12\/pindur.jpg\",\"width\":238,\"height\":183,\"caption\":\"Pindur\"},\"image\":{\"@id\":\"https:\/\/www.pindur.at\/pindur\/#\/schema\/logo\/image\/\"}}]}<\/script>\n<!-- \/ Yoast SEO plugin. -->","yoast_head_json":{"title":"Impressum und Datenschutz - Pindur","robots":{"index":"index","follow":"follow","max-snippet":"max-snippet:-1","max-image-preview":"max-image-preview:large","max-video-preview":"max-video-preview:-1"},"canonical":"https:\/\/www.pindur.at\/pindur\/impressum-datenschutz\/","og_locale":"de_DE","og_type":"article","og_title":"Impressum und Datenschutz - Pindur","og_description":"Walter Pindur GmbH Industriegasse II\/5, A-7053 Hornstein Tel. 02689\/25035-0, Fax. 02689\/25035-20 eMail: office@pindur.at RECHTLICHES Die Inhalte dieser Website sind Eigentum der Walter Pindur GmbH und d\u00fcrfen nur mit deren ausdr\u00fccklicher Genehmigung weiterverwendet werden. \u00c4nderungen im Zuge der technischen Weiterentwicklung vorbehalten. \u00a92002\u20132018, Pindur GmbH. WKO FIRMENANGABEN Gem\u00e4\u00df den rechtlichen Bedingungen f\u00fcr E-Commerce finden Sie hier die [&hellip;]","og_url":"https:\/\/www.pindur.at\/pindur\/impressum-datenschutz\/","og_site_name":"Pindur","article_modified_time":"2022-04-21T13:20:09+00:00","twitter_card":"summary_large_image","twitter_misc":{"Gesch\u00e4tzte Lesezeit":"5\u00a0Minuten"},"schema":{"@context":"https:\/\/schema.org","@graph":[{"@type":"WebPage","@id":"https:\/\/www.pindur.at\/pindur\/impressum-datenschutz\/","url":"https:\/\/www.pindur.at\/pindur\/impressum-datenschutz\/","name":"Impressum und Datenschutz - Pindur","isPartOf":{"@id":"https:\/\/www.pindur.at\/pindur\/#website"},"datePublished":"2014-12-20T10:02:02+00:00","dateModified":"2022-04-21T13:20:09+00:00","breadcrumb":{"@id":"https:\/\/www.pindur.at\/pindur\/impressum-datenschutz\/#breadcrumb"},"inLanguage":"de","potentialAction":[{"@type":"ReadAction","target":["https:\/\/www.pindur.at\/pindur\/impressum-datenschutz\/"]}]},{"@type":"BreadcrumbList","@id":"https:\/\/www.pindur.at\/pindur\/impressum-datenschutz\/#breadcrumb","itemListElement":[{"@type":"ListItem","position":1,"name":"Startseite","item":"https:\/\/www.pindur.at\/pindur\/"},{"@type":"ListItem","position":2,"name":"Impressum und Datenschutz"}]},{"@type":"WebSite","@id":"https:\/\/www.pindur.at\/pindur\/#website","url":"https:\/\/www.pindur.at\/pindur\/","name":"Pindur","description":"","publisher":{"@id":"https:\/\/www.pindur.at\/pindur\/#organization"},"potentialAction":[{"@type":"SearchAction","target":{"@type":"EntryPoint","urlTemplate":"https:\/\/www.pindur.at\/pindur\/?s={search_term_string}"},"query-input":{"@type":"PropertyValueSpecification","valueRequired":true,"valueName":"search_term_string"}}],"inLanguage":"de"},{"@type":"Organization","@id":"https:\/\/www.pindur.at\/pindur\/#organization","name":"Pindur","url":"https:\/\/www.pindur.at\/pindur\/","logo":{"@type":"ImageObject","inLanguage":"de","@id":"https:\/\/www.pindur.at\/pindur\/#\/schema\/logo\/image\/","url":"https:\/\/www.pindur.at\/wp-content\/uploads\/2014\/12\/pindur.jpg","contentUrl":"https:\/\/www.pindur.at\/wp-content\/uploads\/2014\/12\/pindur.jpg","width":238,"height":183,"caption":"Pindur"},"image":{"@id":"https:\/\/www.pindur.at\/pindur\/#\/schema\/logo\/image\/"}}]}},"jetpack_sharing_enabled":true,"_links":{"self":[{"href":"https:\/\/www.pindur.at\/pindur\/wp-json\/wp\/v2\/pages\/242","targetHints":{"allow":["GET"]}}],"collection":[{"href":"https:\/\/www.pindur.at\/pindur\/wp-json\/wp\/v2\/pages"}],"about":[{"href":"https:\/\/www.pindur.at\/pindur\/wp-json\/wp\/v2\/types\/page"}],"author":[{"embeddable":true,"href":"https:\/\/www.pindur.at\/pindur\/wp-json\/wp\/v2\/users\/1"}],"replies":[{"embeddable":true,"href":"https:\/\/www.pindur.at\/pindur\/wp-json\/wp\/v2\/comments?post=242"}],"version-history":[{"count":20,"href":"https:\/\/www.pindur.at\/pindur\/wp-json\/wp\/v2\/pages\/242\/revisions"}],"predecessor-version":[{"id":1170,"href":"https:\/\/www.pindur.at\/pindur\/wp-json\/wp\/v2\/pages\/242\/revisions\/1170"}],"wp:attachment":[{"href":"https:\/\/www.pindur.at\/pindur\/wp-json\/wp\/v2\/media?parent=242"}],"curies":[{"name":"wp","href":"https:\/\/api.w.org\/{rel}","templated":true}]}}