{"id":2,"date":"2014-12-02T21:21:17","date_gmt":"2014-12-02T21:21:17","guid":{"rendered":"http:\/\/www.host-109357.webhosting.magentabusiness.at\/pindur\/?page_id=2"},"modified":"2025-02-13T12:44:01","modified_gmt":"2025-02-13T12:44:01","slug":"beispiel-seite","status":"publish","type":"page","link":"https:\/\/www.pindur.at\/pindur\/","title":{"rendered":"Willkommen bei PINDUR \u2013 DISPLAYS MIT FORMAT"},"content":{"rendered":"\n<p>Pindur ist Ihr Spezialist f\u00fcr Werbel\u00f6sungen direkt am Point of Sale. <\/p>\n\n\n\n<p>Auf den folgenden Seiten pr\u00e4sentieren wir unsere Welt der Verkaufshilfen und individuellen Verpackungen. Dazu z\u00e4hlen s\u00e4mtliche Arten von Werbedisplays, Kundenstoppern, Aufstellern, wie Figurenaufsteller, Pappkameraden, Bodendisplays oder Dispenser und Sch\u00fctten aus Karton, die wir individuell f\u00fcr Sie gestalten und produzieren.<\/p>\n\n\n\n<p>Dar\u00fcber hinaus gestalten wir Faltschachteln und die unendliche Anzahl unterschiedlichster hochwertiger Pr\u00e4sentationsboxen, und schlie\u00dflich individuell gestaltete Displays, die das Tor weit aufsto\u00dfen, wenn es um kreative Produkte geht.<\/p>\n\n\n\n<p>PINDUR ist Ihre Ansprechperson f\u00fcr die hochwertige Produktpr\u00e4sentation. Das Unternehmen existiert nun bereits seit \u00fcber 100 Jahren. Dies bedeutet f\u00fcr unsere Kunden: Erfahrung, Fertigkeit und Flexibilit\u00e4t, denn wir wissen, was machbar ist, und vor allem, wie es schnell machbar ist!<\/p>\n\n\n\n<p>Klicken Sie sich durch unsere Produktbeispiele, vielleicht finden Sie Anregungen f\u00fcr Ihre Anwendung. Z\u00f6gern Sie nicht, bei uns <a rel=\"noopener\" href=\"https:\/\/www.pindur.at\/kontakt\/\" target=\"_blank\">anzufragen<\/a>, wir finden garantiert eine ideale L\u00f6sung. <a rel=\"noopener\" href=\"https:\/\/www.pindur.at\/kontakt\/\" target=\"_blank\">(&gt;Anfrage)<\/a><\/p>\n\n\n\n<figure class=\"wp-block-image size-full\"><a href=\"https:\/\/www.pindur.at\/pindur\/pos-werbung-im-gesundheitssektor\/\"><img loading=\"lazy\" decoding=\"async\" width=\"1000\" height=\"400\" data-attachment-id=\"2299\" data-permalink=\"https:\/\/www.pindur.at\/pindur\/beispiel-seite\/pos_gesundheitssektor-2\/\" data-orig-file=\"https:\/\/www.pindur.at\/wp-content\/uploads\/2024\/02\/pos_gesundheitssektor-2.jpg\" data-orig-size=\"1000,400\" data-comments-opened=\"0\" data-image-meta=\"{&quot;aperture&quot;:&quot;0&quot;,&quot;credit&quot;:&quot;&quot;,&quot;camera&quot;:&quot;&quot;,&quot;caption&quot;:&quot;&quot;,&quot;created_timestamp&quot;:&quot;0&quot;,&quot;copyright&quot;:&quot;&quot;,&quot;focal_length&quot;:&quot;0&quot;,&quot;iso&quot;:&quot;0&quot;,&quot;shutter_speed&quot;:&quot;0&quot;,&quot;title&quot;:&quot;&quot;,&quot;orientation&quot;:&quot;0&quot;}\" data-image-title=\"pos_gesundheitssektor-2\" data-image-description=\"\" data-image-caption=\"\" data-medium-file=\"https:\/\/www.pindur.at\/wp-content\/uploads\/2024\/02\/pos_gesundheitssektor-2-300x120.jpg\" data-large-file=\"https:\/\/www.pindur.at\/wp-content\/uploads\/2024\/02\/pos_gesundheitssektor-2.jpg\" src=\"https:\/\/www.pindur.at\/wp-content\/uploads\/2024\/02\/pos_gesundheitssektor-2.jpg\" alt=\"\" class=\"wp-image-2299\" srcset=\"https:\/\/www.pindur.at\/wp-content\/uploads\/2024\/02\/pos_gesundheitssektor-2.jpg 1000w, https:\/\/www.pindur.at\/wp-content\/uploads\/2024\/02\/pos_gesundheitssektor-2-300x120.jpg 300w, https:\/\/www.pindur.at\/wp-content\/uploads\/2024\/02\/pos_gesundheitssektor-2-768x307.jpg 768w\" sizes=\"auto, (max-width: 1000px) 100vw, 1000px\" \/><\/a><\/figure>\n\n\n\n<p><\/p>\n\n\n\n<p><strong>Pr\u00e4sentationsprofis w\u00e4hlen Pindur, denn hier entfaltet sich die ganze Welt der Displays, Mappen und Musterkollektionen.<\/strong><\/p>\n\n\n\n<blockquote class=\"wp-block-quote is-layout-flow wp-block-quote-is-layout-flow\">\n<p>&#8222;Zeit zur Entfaltung&#8220;<\/p>\n\n\n<div class=\"wp-block-image\">\n<figure class=\"alignright\"><a href=\"https:\/\/www.pindur.at\/wp-content\/uploads\/2014\/12\/Raupe.png\" target=\"_blank\" rel=\"noopener\"><img loading=\"lazy\" decoding=\"async\" width=\"300\" height=\"160\" data-attachment-id=\"398\" data-permalink=\"https:\/\/www.pindur.at\/pindur\/beispiel-seite\/raupe\/\" data-orig-file=\"https:\/\/www.pindur.at\/wp-content\/uploads\/2014\/12\/Raupe.png\" data-orig-size=\"331,177\" data-comments-opened=\"0\" data-image-meta=\"{&quot;aperture&quot;:&quot;0&quot;,&quot;credit&quot;:&quot;&quot;,&quot;camera&quot;:&quot;&quot;,&quot;caption&quot;:&quot;&quot;,&quot;created_timestamp&quot;:&quot;0&quot;,&quot;copyright&quot;:&quot;&quot;,&quot;focal_length&quot;:&quot;0&quot;,&quot;iso&quot;:&quot;0&quot;,&quot;shutter_speed&quot;:&quot;0&quot;,&quot;title&quot;:&quot;&quot;,&quot;orientation&quot;:&quot;0&quot;}\" data-image-title=\"raupe\" data-image-description=\"\" data-image-caption=\"\" data-medium-file=\"https:\/\/www.pindur.at\/wp-content\/uploads\/2014\/12\/Raupe-300x160.png\" data-large-file=\"https:\/\/www.pindur.at\/wp-content\/uploads\/2014\/12\/Raupe.png\" src=\"https:\/\/www.pindur.at\/wp-content\/uploads\/2014\/12\/Raupe-300x160.png\" alt=\"Raupe\" class=\"wp-image-398\" srcset=\"https:\/\/www.pindur.at\/wp-content\/uploads\/2014\/12\/Raupe-300x160.png 300w, https:\/\/www.pindur.at\/wp-content\/uploads\/2014\/12\/Raupe.png 331w\" sizes=\"auto, (max-width: 300px) 100vw, 300px\" \/><\/a><\/figure><\/div><\/blockquote>\n\n\n\n<div class=\"wp-block-columns is-layout-flex wp-container-core-columns-is-layout-1 wp-block-columns-is-layout-flex\">\n<div class=\"wp-block-column is-layout-flow wp-block-column-is-layout-flow\"><\/div>\n\n\n\n<div class=\"wp-block-column is-layout-flow wp-block-column-is-layout-flow\"><\/div>\n<\/div>\n\n\n\n<p><\/p>\n\n\n\n<p><\/p>\n\n\n\n<p><\/p>\n\n\n\n<p><\/p>\n\n\n\n<h2 class=\"wp-block-heading\">Der erste Eindruck z\u00e4hlt<\/h2>\n\n\n\n<p>Am Point of Sale (POS) treffen Kunden Kaufentscheidungen. Hier z\u00e4hlt die Produktpr\u00e4sentation. Pindur ist Ihr Partner f\u00fcr die Beratung und Umsetzung von Verkaufshilfen und Displays verschiedenster Art. Mit unserer Erfahrung k\u00f6nnen wir schnell zur Seite stehen und optimal beraten. Wir decken von der Einzelfertigung bis zur Gro\u00dfserienfertigung die Anliegen unserer Kunden ab. Moderne Drucktechniken, wie die digitale-werkzeuglose Produktion f\u00fcr Kleinserien und Druckveredelung bieten gestalterischen Freiraum, um Kunden am Point of Sale auf Ihre Produkte aufmerksam zu machen.<\/p>\n\n\n\n<p><br>Knappe Timings, die Best\u00fcckung der Displays mit Ihren Produkten sowie die Organisation des Versands runden den Service ab.<\/p>\n\n\n\n<p><\/p>\n\n\n\n<p><\/p>\n","protected":false},"excerpt":{"rendered":"<p>Pindur ist Ihr Spezialist f\u00fcr Werbel\u00f6sungen direkt am Point of Sale. Auf den folgenden Seiten pr\u00e4sentieren wir unsere Welt der Verkaufshilfen und individuellen Verpackungen. Dazu z\u00e4hlen s\u00e4mtliche Arten von Werbedisplays, Kundenstoppern, Aufstellern, wie Figurenaufsteller, Pappkameraden, Bodendisplays oder Dispenser und Sch\u00fctten aus Karton, die wir individuell f\u00fcr Sie gestalten und produzieren. Dar\u00fcber hinaus gestalten wir Faltschachteln [&hellip;]<\/p>\n","protected":false},"author":1,"featured_media":0,"parent":0,"menu_order":0,"comment_status":"closed","ping_status":"closed","template":"page-front.php","meta":{"footnotes":""},"class_list":["post-2","page","type-page","status-publish","hentry"],"yoast_head":"<!-- This site is optimized with the Yoast SEO plugin v24.4 - https:\/\/yoast.com\/wordpress\/plugins\/seo\/ -->\n<title>Willkommen bei PINDUR \u2013 DISPLAYS MIT FORMAT - Pindur<\/title>\n<meta name=\"robots\" content=\"index, follow, max-snippet:-1, max-image-preview:large, max-video-preview:-1\" \/>\n<link rel=\"canonical\" href=\"https:\/\/www.pindur.at\/pindur\/\" \/>\n<meta property=\"og:locale\" content=\"de_DE\" \/>\n<meta property=\"og:type\" content=\"article\" \/>\n<meta property=\"og:title\" content=\"Willkommen bei PINDUR \u2013 DISPLAYS MIT FORMAT - Pindur\" \/>\n<meta property=\"og:description\" content=\"Pindur ist Ihr Spezialist f\u00fcr Werbel\u00f6sungen direkt am Point of Sale. Auf den folgenden Seiten pr\u00e4sentieren wir unsere Welt der Verkaufshilfen und individuellen Verpackungen. Dazu z\u00e4hlen s\u00e4mtliche Arten von Werbedisplays, Kundenstoppern, Aufstellern, wie Figurenaufsteller, Pappkameraden, Bodendisplays oder Dispenser und Sch\u00fctten aus Karton, die wir individuell f\u00fcr Sie gestalten und produzieren. Dar\u00fcber hinaus gestalten wir Faltschachteln [&hellip;]\" \/>\n<meta property=\"og:url\" content=\"https:\/\/www.pindur.at\/pindur\/\" \/>\n<meta property=\"og:site_name\" content=\"Pindur\" \/>\n<meta property=\"article:modified_time\" content=\"2025-02-13T12:44:01+00:00\" \/>\n<meta property=\"og:image\" content=\"https:\/\/www.pindur.at\/wp-content\/uploads\/2024\/02\/pos_gesundheitssektor-2.jpg\" \/>\n\t<meta property=\"og:image:width\" content=\"1000\" \/>\n\t<meta property=\"og:image:height\" content=\"400\" \/>\n\t<meta property=\"og:image:type\" content=\"image\/jpeg\" \/>\n<meta name=\"twitter:card\" content=\"summary_large_image\" \/>\n<meta name=\"twitter:label1\" content=\"Gesch\u00e4tzte Lesezeit\" \/>\n\t<meta name=\"twitter:data1\" content=\"1\u00a0Minute\" \/>\n<script type=\"application\/ld+json\" class=\"yoast-schema-graph\">{\"@context\":\"https:\/\/schema.org\",\"@graph\":[{\"@type\":\"WebPage\",\"@id\":\"https:\/\/www.pindur.at\/pindur\/\",\"url\":\"https:\/\/www.pindur.at\/pindur\/\",\"name\":\"Willkommen bei PINDUR \u2013 DISPLAYS MIT FORMAT - Pindur\",\"isPartOf\":{\"@id\":\"https:\/\/www.pindur.at\/pindur\/#website\"},\"primaryImageOfPage\":{\"@id\":\"https:\/\/www.pindur.at\/pindur\/#primaryimage\"},\"image\":{\"@id\":\"https:\/\/www.pindur.at\/pindur\/#primaryimage\"},\"thumbnailUrl\":\"https:\/\/www.pindur.at\/wp-content\/uploads\/2024\/02\/pos_gesundheitssektor-2.jpg\",\"datePublished\":\"2014-12-02T21:21:17+00:00\",\"dateModified\":\"2025-02-13T12:44:01+00:00\",\"breadcrumb\":{\"@id\":\"https:\/\/www.pindur.at\/pindur\/#breadcrumb\"},\"inLanguage\":\"de\",\"potentialAction\":[{\"@type\":\"ReadAction\",\"target\":[\"https:\/\/www.pindur.at\/pindur\/\"]}]},{\"@type\":\"ImageObject\",\"inLanguage\":\"de\",\"@id\":\"https:\/\/www.pindur.at\/pindur\/#primaryimage\",\"url\":\"https:\/\/www.pindur.at\/wp-content\/uploads\/2024\/02\/pos_gesundheitssektor-2.jpg\",\"contentUrl\":\"https:\/\/www.pindur.at\/wp-content\/uploads\/2024\/02\/pos_gesundheitssektor-2.jpg\"},{\"@type\":\"BreadcrumbList\",\"@id\":\"https:\/\/www.pindur.at\/pindur\/#breadcrumb\",\"itemListElement\":[{\"@type\":\"ListItem\",\"position\":1,\"name\":\"Startseite\",\"item\":\"https:\/\/www.pindur.at\/pindur\/\"},{\"@type\":\"ListItem\",\"position\":2,\"name\":\"Willkommen bei PINDUR \u2013 DISPLAYS MIT FORMAT\"}]},{\"@type\":\"WebSite\",\"@id\":\"https:\/\/www.pindur.at\/pindur\/#website\",\"url\":\"https:\/\/www.pindur.at\/pindur\/\",\"name\":\"Pindur\",\"description\":\"\",\"publisher\":{\"@id\":\"https:\/\/www.pindur.at\/pindur\/#organization\"},\"potentialAction\":[{\"@type\":\"SearchAction\",\"target\":{\"@type\":\"EntryPoint\",\"urlTemplate\":\"https:\/\/www.pindur.at\/pindur\/?s={search_term_string}\"},\"query-input\":{\"@type\":\"PropertyValueSpecification\",\"valueRequired\":true,\"valueName\":\"search_term_string\"}}],\"inLanguage\":\"de\"},{\"@type\":\"Organization\",\"@id\":\"https:\/\/www.pindur.at\/pindur\/#organization\",\"name\":\"Pindur\",\"url\":\"https:\/\/www.pindur.at\/pindur\/\",\"logo\":{\"@type\":\"ImageObject\",\"inLanguage\":\"de\",\"@id\":\"https:\/\/www.pindur.at\/pindur\/#\/schema\/logo\/image\/\",\"url\":\"https:\/\/www.pindur.at\/wp-content\/uploads\/2014\/12\/pindur.jpg\",\"contentUrl\":\"https:\/\/www.pindur.at\/wp-content\/uploads\/2014\/12\/pindur.jpg\",\"width\":238,\"height\":183,\"caption\":\"Pindur\"},\"image\":{\"@id\":\"https:\/\/www.pindur.at\/pindur\/#\/schema\/logo\/image\/\"}}]}<\/script>\n<!-- \/ Yoast SEO plugin. -->","yoast_head_json":{"title":"Willkommen bei PINDUR \u2013 DISPLAYS MIT FORMAT - Pindur","robots":{"index":"index","follow":"follow","max-snippet":"max-snippet:-1","max-image-preview":"max-image-preview:large","max-video-preview":"max-video-preview:-1"},"canonical":"https:\/\/www.pindur.at\/pindur\/","og_locale":"de_DE","og_type":"article","og_title":"Willkommen bei PINDUR \u2013 DISPLAYS MIT FORMAT - Pindur","og_description":"Pindur ist Ihr Spezialist f\u00fcr Werbel\u00f6sungen direkt am Point of Sale. Auf den folgenden Seiten pr\u00e4sentieren wir unsere Welt der Verkaufshilfen und individuellen Verpackungen. Dazu z\u00e4hlen s\u00e4mtliche Arten von Werbedisplays, Kundenstoppern, Aufstellern, wie Figurenaufsteller, Pappkameraden, Bodendisplays oder Dispenser und Sch\u00fctten aus Karton, die wir individuell f\u00fcr Sie gestalten und produzieren. Dar\u00fcber hinaus gestalten wir Faltschachteln [&hellip;]","og_url":"https:\/\/www.pindur.at\/pindur\/","og_site_name":"Pindur","article_modified_time":"2025-02-13T12:44:01+00:00","og_image":[{"width":1000,"height":400,"url":"https:\/\/www.pindur.at\/wp-content\/uploads\/2024\/02\/pos_gesundheitssektor-2.jpg","type":"image\/jpeg"}],"twitter_card":"summary_large_image","twitter_misc":{"Gesch\u00e4tzte Lesezeit":"1\u00a0Minute"},"schema":{"@context":"https:\/\/schema.org","@graph":[{"@type":"WebPage","@id":"https:\/\/www.pindur.at\/pindur\/","url":"https:\/\/www.pindur.at\/pindur\/","name":"Willkommen bei PINDUR \u2013 DISPLAYS MIT FORMAT - Pindur","isPartOf":{"@id":"https:\/\/www.pindur.at\/pindur\/#website"},"primaryImageOfPage":{"@id":"https:\/\/www.pindur.at\/pindur\/#primaryimage"},"image":{"@id":"https:\/\/www.pindur.at\/pindur\/#primaryimage"},"thumbnailUrl":"https:\/\/www.pindur.at\/wp-content\/uploads\/2024\/02\/pos_gesundheitssektor-2.jpg","datePublished":"2014-12-02T21:21:17+00:00","dateModified":"2025-02-13T12:44:01+00:00","breadcrumb":{"@id":"https:\/\/www.pindur.at\/pindur\/#breadcrumb"},"inLanguage":"de","potentialAction":[{"@type":"ReadAction","target":["https:\/\/www.pindur.at\/pindur\/"]}]},{"@type":"ImageObject","inLanguage":"de","@id":"https:\/\/www.pindur.at\/pindur\/#primaryimage","url":"https:\/\/www.pindur.at\/wp-content\/uploads\/2024\/02\/pos_gesundheitssektor-2.jpg","contentUrl":"https:\/\/www.pindur.at\/wp-content\/uploads\/2024\/02\/pos_gesundheitssektor-2.jpg"},{"@type":"BreadcrumbList","@id":"https:\/\/www.pindur.at\/pindur\/#breadcrumb","itemListElement":[{"@type":"ListItem","position":1,"name":"Startseite","item":"https:\/\/www.pindur.at\/pindur\/"},{"@type":"ListItem","position":2,"name":"Willkommen bei PINDUR \u2013 DISPLAYS MIT FORMAT"}]},{"@type":"WebSite","@id":"https:\/\/www.pindur.at\/pindur\/#website","url":"https:\/\/www.pindur.at\/pindur\/","name":"Pindur","description":"","publisher":{"@id":"https:\/\/www.pindur.at\/pindur\/#organization"},"potentialAction":[{"@type":"SearchAction","target":{"@type":"EntryPoint","urlTemplate":"https:\/\/www.pindur.at\/pindur\/?s={search_term_string}"},"query-input":{"@type":"PropertyValueSpecification","valueRequired":true,"valueName":"search_term_string"}}],"inLanguage":"de"},{"@type":"Organization","@id":"https:\/\/www.pindur.at\/pindur\/#organization","name":"Pindur","url":"https:\/\/www.pindur.at\/pindur\/","logo":{"@type":"ImageObject","inLanguage":"de","@id":"https:\/\/www.pindur.at\/pindur\/#\/schema\/logo\/image\/","url":"https:\/\/www.pindur.at\/wp-content\/uploads\/2014\/12\/pindur.jpg","contentUrl":"https:\/\/www.pindur.at\/wp-content\/uploads\/2014\/12\/pindur.jpg","width":238,"height":183,"caption":"Pindur"},"image":{"@id":"https:\/\/www.pindur.at\/pindur\/#\/schema\/logo\/image\/"}}]}},"jetpack_sharing_enabled":true,"_links":{"self":[{"href":"https:\/\/www.pindur.at\/pindur\/wp-json\/wp\/v2\/pages\/2","targetHints":{"allow":["GET"]}}],"collection":[{"href":"https:\/\/www.pindur.at\/pindur\/wp-json\/wp\/v2\/pages"}],"about":[{"href":"https:\/\/www.pindur.at\/pindur\/wp-json\/wp\/v2\/types\/page"}],"author":[{"embeddable":true,"href":"https:\/\/www.pindur.at\/pindur\/wp-json\/wp\/v2\/users\/1"}],"replies":[{"embeddable":true,"href":"https:\/\/www.pindur.at\/pindur\/wp-json\/wp\/v2\/comments?post=2"}],"version-history":[{"count":39,"href":"https:\/\/www.pindur.at\/pindur\/wp-json\/wp\/v2\/pages\/2\/revisions"}],"predecessor-version":[{"id":3665,"href":"https:\/\/www.pindur.at\/pindur\/wp-json\/wp\/v2\/pages\/2\/revisions\/3665"}],"wp:attachment":[{"href":"https:\/\/www.pindur.at\/pindur\/wp-json\/wp\/v2\/media?parent=2"}],"curies":[{"name":"wp","href":"https:\/\/api.w.org\/{rel}","templated":true}]}}